{"id":29553,"date":"2021-11-29T19:00:52","date_gmt":"2021-11-29T18:00:52","guid":{"rendered":"https:\/\/lacommune.co\/saint-etienne\/?page_id=29553"},"modified":"2026-03-03T10:11:14","modified_gmt":"2026-03-03T09:11:14","slug":"mentions-legales","status":"publish","type":"page","link":"https:\/\/lacommune.co\/saint-etienne\/mentions-legales\/","title":{"rendered":"Mentions l\u00e9gales"},"content":{"rendered":"<div class=\"wpb-content-wrapper\"><p>[vc_row row_height_percent=&#8221;0&#8243; override_padding=&#8221;yes&#8221; h_padding=&#8221;2&#8243; top_padding=&#8221;4&#8243; bottom_padding=&#8221;4&#8243; overlay_alpha=&#8221;50&#8243; gutter_size=&#8221;3&#8243; column_width_percent=&#8221;100&#8243; shift_y=&#8221;0&#8243; z_index=&#8221;0&#8243; uncode_shortcode_id=&#8221;716424&#8243;][vc_column column_width_percent=&#8221;82&#8243; gutter_size=&#8221;3&#8243; overlay_alpha=&#8221;50&#8243; shift_x=&#8221;0&#8243; shift_y=&#8221;0&#8243; shift_y_down=&#8221;0&#8243; z_index=&#8221;0&#8243; medium_width=&#8221;0&#8243; mobile_width=&#8221;0&#8243; width=&#8221;1\/1&#8243; uncode_shortcode_id=&#8221;702953&#8243;][vc_column_text uncode_shortcode_id=&#8221;774383&#8243;]\u00c9diteur :<br \/>\nLA COMMUNE MAZERAT<br \/>\nSAS au capital de 42 000\u20ac<br \/>\n2 cours Victor Hugo 42 000 Saint-Etienne<br \/>\nSIRET : 99208184400019<br \/>\nE-mail : <a href=\"mailto:hello@lacommune.co\">hellomazerat@lacommune.co<\/a><\/p>\n<p>H\u00e9bergeur :<br \/>\nOVH<\/p>\n<p>Responsable de publication :<br \/>\nLucie Bouvier<br \/>\nAdresse email : communication@lacommune.co<\/p>\n<p>Propri\u00e9t\u00e9 intellectuelle :<br \/>\nLa structure, la mise en page, la charte graphique, les textes, la base de donn\u00e9es, les images, les photos, les sons, les vid\u00e9os et tout autre \u00e9l\u00e9ment composant ce site sont la propri\u00e9t\u00e9 exclusive de la soci\u00e9t\u00e9 LA COMMUNE et sont prot\u00e9g\u00e9s par le droit d\u2019auteur. Toute repr\u00e9sentation totale ou partielle de ce site, par quelque proc\u00e9d\u00e9 que ce soit sans l\u2019autorisation de la soci\u00e9t\u00e9 LA COMMUNE<br \/>\nest interdite et constituerait un d\u00e9lit. Les marques, les noms commerciaux et les logos figurant sur ce site sont des marques d\u00e9pos\u00e9es sauf mention contraire. Toute reproduction totale ou partielle des marques ou logos, effectu\u00e9e \u00e0 partir des \u00e9l\u00e9ments du site, sans l\u2019autorisation expresse de la soci\u00e9t\u00e9 LA COMMUNE est donc interdit.<br \/>\nToute utilisation du logo LA COMMUNE doit faire l\u2019objet d\u2019une autorisation pr\u00e9alable de la part de LA COMMUNE.<\/p>\n<p>Exon\u00e9ration de la responsabilit\u00e9 :<br \/>\nLA COMMUNE ne garanti pas l\u2019exactitude et l\u2019exhaustivit\u00e9 des informations communiqu\u00e9es sur l\u2019ensemble de ses sites internet. Ces informations sont donn\u00e9es \u00e0 titre informatif seulement et peuvent \u00eatre d\u00e9su\u00e8tes.<br \/>\nLA COMMUNE d\u00e9cline toute responsabilit\u00e9 en cas de difficult\u00e9 d\u2019acc\u00e8s \u00e0 l\u2019un de ses sites internet ou de difficult\u00e9 de connexion, et ce quelle que soit la cause. De plus, il ne peut \u00eatre tenu pour responsable en cas de dommage ou virus qui pourrait infecter votre ordinateur ou tout mat\u00e9riel informatique.<br \/>\nLes liens hypertextes pr\u00e9sents sur le site de LA COMMUNE, renvoyant vers des sites tiers, sont donn\u00e9s \u00e0 titre d\u2019informations compl\u00e9mentaires. LA COMMUNE ne peut \u00eatre tenu pour responsable de leur contenu, liens ou mise \u00e0 jour.<br \/>\nLoi \u00ab Informatique et Libert\u00e9 \u00bb :<br \/>\nEn application de la loi n\u00b078-17 du 6 janvier 1978 relative \u00e0 l\u2019informatique, aux fichiers et aux libert\u00e9s, vous disposez des droits d\u2019opposition (art.26 de la loi), d\u2019acc\u00e8s (art.34 \u00e0 38 de la loi), et de rectification (art.36 de la loi) des donn\u00e9es vous concernant. Ainsi, vous pouvez exiger que soient rectifi\u00e9es, compl\u00e9t\u00e9es, clarifi\u00e9es, mises \u00e0 jour ou effac\u00e9es les informations vous concernant qui sont inexactes, incompl\u00e8tes, \u00e9quivoques, p\u00e9rim\u00e9es ou dont la collecte ou l\u2019utilisation, la communication ou la conservation est interdite.<br \/>\nPour exercer vos droits ou pour prendre connaissance de la collecte et de l\u2019utilisation de vos donn\u00e9es personnelles, veuillez consulter notre politique de confidentialit\u00e9.<\/p>\n<p>Cookies :<br \/>\nL\u2019utilisation des cookies \u00e0 travers ce site web, est d\u00e9taill\u00e9e au sein de notre politique de confidentialit\u00e9.<\/p>\n<p>Conception, r\u00e9daction, design et d\u00e9veloppement du site Internet :<br \/>\ndella mattia &amp; Solead<\/p>\n<p>Cr\u00e9dit photographique :<br \/>\nMarion Dubanchet<br \/>\nRose sucr\u00e9<br \/>\nC\u00e9liop\u00e9<\/p>\n<p>Apr\u00e8s avoir saisi le service client de notre \u00e9tablissement et \u00e0 d\u00e9faut de r\u00e9ponse satisfaisante dans un d\u00e9lai de 15 jours, le client peut saisir le M\u00e9diateur du Tourisme et du Voyage, dont les coordonn\u00e9es figurent ci-apr\u00e8s :<\/p>\n<p>M\u00e9diation Tourisme et Voyage<\/p>\n<p>BP 80 303 75 823 Paris Cedex 17<\/p>\n<p>Site internet :\u00a0<a href=\"http:\/\/www.mtv.travel\/\" target=\"_blank\" rel=\"noopener noreferrer\" data-auth=\"NotApplicable\" data-linkindex=\"0\" data-ogsc=\"\">www.mtv.travel<\/a>[\/vc_column_text][\/vc_column][\/vc_row]<\/p>\n<\/div>","protected":false},"excerpt":{"rendered":"<p>[vc_row row_height_percent=&#8221;0&#8243; override_padding=&#8221;yes&#8221; h_padding=&#8221;2&#8243; top_padding=&#8221;4&#8243; bottom_padding=&#8221;4&#8243; overlay_alpha=&#8221;50&#8243; gutter_size=&#8221;3&#8243; column_width_percent=&#8221;100&#8243; shift_y=&#8221;0&#8243; z_index=&#8221;0&#8243; uncode_shortcode_id=&#8221;716424&#8243;][vc_column column_width_percent=&#8221;82&#8243; gutter_size=&#8221;3&#8243; overlay_alpha=&#8221;50&#8243; shift_x=&#8221;0&#8243; shift_y=&#8221;0&#8243; shift_y_down=&#8221;0&#8243; z_index=&#8221;0&#8243; medium_width=&#8221;0&#8243; [&hellip;]<\/p>\n","protected":false},"author":1,"featured_media":0,"parent":0,"menu_order":0,"comment_status":"closed","ping_status":"closed","template":"","meta":{"_acf_changed":false,"_monsterinsights_skip_tracking":false,"_monsterinsights_sitenote_active":false,"_monsterinsights_sitenote_note":"","_monsterinsights_sitenote_category":0,"footnotes":""},"class_list":["post-29553","page","type-page","status-publish","hentry"],"acf":[],"yoast_head":"<!-- This site is optimized with the Yoast SEO plugin v27.3 - https:\/\/yoast.com\/product\/yoast-seo-wordpress\/ -->\n<title>Mentions l\u00e9gales - LA COMMUNE<\/title>\n<meta name=\"robots\" content=\"index, follow, max-snippet:-1, max-image-preview:large, max-video-preview:-1\" \/>\n<link rel=\"canonical\" href=\"https:\/\/lacommune.co\/saint-etienne\/mentions-legales\/\" \/>\n<meta property=\"og:locale\" content=\"fr_FR\" \/>\n<meta property=\"og:type\" content=\"article\" \/>\n<meta property=\"og:title\" content=\"Mentions l\u00e9gales - LA COMMUNE\" \/>\n<meta property=\"og:description\" content=\"[vc_row row_height_percent=&#8221;0&#8243; override_padding=&#8221;yes&#8221; h_padding=&#8221;2&#8243; top_padding=&#8221;4&#8243; bottom_padding=&#8221;4&#8243; overlay_alpha=&#8221;50&#8243; gutter_size=&#8221;3&#8243; column_width_percent=&#8221;100&#8243; shift_y=&#8221;0&#8243; z_index=&#8221;0&#8243; uncode_shortcode_id=&#8221;716424&#8243;][vc_column column_width_percent=&#8221;82&#8243; gutter_size=&#8221;3&#8243; overlay_alpha=&#8221;50&#8243; shift_x=&#8221;0&#8243; shift_y=&#8221;0&#8243; shift_y_down=&#8221;0&#8243; z_index=&#8221;0&#8243; medium_width=&#8221;0&#8243; [&hellip;]\" \/>\n<meta property=\"og:url\" content=\"https:\/\/lacommune.co\/saint-etienne\/mentions-legales\/\" \/>\n<meta property=\"og:site_name\" content=\"LA COMMUNE\" \/>\n<meta property=\"article:publisher\" content=\"https:\/\/www.facebook.com\/lacommuneentrezlibres\/\" \/>\n<meta property=\"article:modified_time\" content=\"2026-03-03T09:11:14+00:00\" \/>\n<meta property=\"og:image\" content=\"https:\/\/lacommune.co\/saint-etienne\/wp-content\/uploads\/2021\/12\/screenshot-2021-12-14-a\u0300-00.23.53-scaled.png\" \/>\n\t<meta property=\"og:image:width\" content=\"2560\" \/>\n\t<meta property=\"og:image:height\" content=\"1389\" \/>\n\t<meta property=\"og:image:type\" content=\"image\/png\" \/>\n<meta name=\"twitter:card\" content=\"summary_large_image\" \/>\n<meta name=\"twitter:label1\" content=\"Dur\u00e9e de lecture estim\u00e9e\" \/>\n\t<meta name=\"twitter:data1\" content=\"3 minutes\" \/>\n<!-- \/ Yoast SEO plugin. -->","yoast_head_json":{"title":"Mentions l\u00e9gales - LA COMMUNE","robots":{"index":"index","follow":"follow","max-snippet":"max-snippet:-1","max-image-preview":"max-image-preview:large","max-video-preview":"max-video-preview:-1"},"canonical":"https:\/\/lacommune.co\/saint-etienne\/mentions-legales\/","og_locale":"fr_FR","og_type":"article","og_title":"Mentions l\u00e9gales - LA COMMUNE","og_description":"[vc_row row_height_percent=&#8221;0&#8243; override_padding=&#8221;yes&#8221; h_padding=&#8221;2&#8243; top_padding=&#8221;4&#8243; bottom_padding=&#8221;4&#8243; overlay_alpha=&#8221;50&#8243; gutter_size=&#8221;3&#8243; column_width_percent=&#8221;100&#8243; shift_y=&#8221;0&#8243; z_index=&#8221;0&#8243; uncode_shortcode_id=&#8221;716424&#8243;][vc_column column_width_percent=&#8221;82&#8243; gutter_size=&#8221;3&#8243; overlay_alpha=&#8221;50&#8243; shift_x=&#8221;0&#8243; shift_y=&#8221;0&#8243; shift_y_down=&#8221;0&#8243; z_index=&#8221;0&#8243; medium_width=&#8221;0&#8243; [&hellip;]","og_url":"https:\/\/lacommune.co\/saint-etienne\/mentions-legales\/","og_site_name":"LA COMMUNE","article_publisher":"https:\/\/www.facebook.com\/lacommuneentrezlibres\/","article_modified_time":"2026-03-03T09:11:14+00:00","og_image":[{"width":2560,"height":1389,"url":"https:\/\/lacommune.co\/saint-etienne\/wp-content\/uploads\/2021\/12\/screenshot-2021-12-14-a\u0300-00.23.53-scaled.png","type":"image\/png"}],"twitter_card":"summary_large_image","twitter_misc":{"Dur\u00e9e de lecture estim\u00e9e":"3 minutes"},"schema":{"@context":"https:\/\/schema.org","@graph":[{"@type":"WebPage","@id":"https:\/\/lacommune.co\/saint-etienne\/mentions-legales\/","url":"https:\/\/lacommune.co\/saint-etienne\/mentions-legales\/","name":"Mentions l\u00e9gales - LA COMMUNE","isPartOf":{"@id":"https:\/\/lacommune.co\/saint-etienne\/#website"},"datePublished":"2021-11-29T18:00:52+00:00","dateModified":"2026-03-03T09:11:14+00:00","breadcrumb":{"@id":"https:\/\/lacommune.co\/saint-etienne\/mentions-legales\/#breadcrumb"},"inLanguage":"fr-FR","potentialAction":[{"@type":"ReadAction","target":["https:\/\/lacommune.co\/saint-etienne\/mentions-legales\/"]}]},{"@type":"BreadcrumbList","@id":"https:\/\/lacommune.co\/saint-etienne\/mentions-legales\/#breadcrumb","itemListElement":[{"@type":"ListItem","position":1,"name":"Accueil","item":"https:\/\/lacommune.co\/saint-etienne\/"},{"@type":"ListItem","position":2,"name":"Mentions l\u00e9gales"}]},{"@type":"WebSite","@id":"https:\/\/lacommune.co\/saint-etienne\/#website","url":"https:\/\/lacommune.co\/saint-etienne\/","name":"LA COMMUNE","description":"LYON","publisher":{"@id":"https:\/\/lacommune.co\/saint-etienne\/#organization"},"potentialAction":[{"@type":"SearchAction","target":{"@type":"EntryPoint","urlTemplate":"https:\/\/lacommune.co\/saint-etienne\/?s={search_term_string}"},"query-input":{"@type":"PropertyValueSpecification","valueRequired":true,"valueName":"search_term_string"}}],"inLanguage":"fr-FR"},{"@type":"Organization","@id":"https:\/\/lacommune.co\/saint-etienne\/#organization","name":"LA COMMUNE","url":"https:\/\/lacommune.co\/saint-etienne\/","logo":{"@type":"ImageObject","inLanguage":"fr-FR","@id":"https:\/\/lacommune.co\/saint-etienne\/#\/schema\/logo\/image\/","url":"https:\/\/lacommune.co\/saint-etienne\/wp-content\/uploads\/2021\/06\/lacommunelogo-1.svg","contentUrl":"https:\/\/lacommune.co\/saint-etienne\/wp-content\/uploads\/2021\/06\/lacommunelogo-1.svg","width":"1","height":"1","caption":"LA COMMUNE"},"image":{"@id":"https:\/\/lacommune.co\/saint-etienne\/#\/schema\/logo\/image\/"},"sameAs":["https:\/\/www.facebook.com\/lacommuneentrezlibres\/","https:\/\/www.instagram.com\/lacommuneentrezlibres\/","https:\/\/www.linkedin.com\/company\/lacommune-entrezlibres\/"]}]}},"_links":{"self":[{"href":"https:\/\/lacommune.co\/saint-etienne\/wp-json\/wp\/v2\/pages\/29553","targetHints":{"allow":["GET"]}}],"collection":[{"href":"https:\/\/lacommune.co\/saint-etienne\/wp-json\/wp\/v2\/pages"}],"about":[{"href":"https:\/\/lacommune.co\/saint-etienne\/wp-json\/wp\/v2\/types\/page"}],"author":[{"embeddable":true,"href":"https:\/\/lacommune.co\/saint-etienne\/wp-json\/wp\/v2\/users\/1"}],"replies":[{"embeddable":true,"href":"https:\/\/lacommune.co\/saint-etienne\/wp-json\/wp\/v2\/comments?post=29553"}],"version-history":[{"count":5,"href":"https:\/\/lacommune.co\/saint-etienne\/wp-json\/wp\/v2\/pages\/29553\/revisions"}],"predecessor-version":[{"id":40125,"href":"https:\/\/lacommune.co\/saint-etienne\/wp-json\/wp\/v2\/pages\/29553\/revisions\/40125"}],"wp:attachment":[{"href":"https:\/\/lacommune.co\/saint-etienne\/wp-json\/wp\/v2\/media?parent=29553"}],"curies":[{"name":"wp","href":"https:\/\/api.w.org\/{rel}","templated":true}]}}