{"id":34898,"date":"2024-08-21T08:05:49","date_gmt":"2024-08-21T06:05:49","guid":{"rendered":"https:\/\/lacommune.co\/saint-etienne\/?page_id=34898"},"modified":"2024-12-04T16:09:35","modified_gmt":"2024-12-04T15:09:35","slug":"soirees-dansantes-et-spectacles-de-danse-a-lyon","status":"publish","type":"page","link":"https:\/\/lacommune.co\/saint-etienne\/soirees-dansantes-et-spectacles-de-danse-a-lyon\/","title":{"rendered":"Soir\u00e9es dansantes et spectacles de danse \u00e0 Lyon"},"content":{"rendered":"<div class=\"wpb-content-wrapper\"><p>[vc_row row_height_percent=&#8221;0&#8243; overlay_alpha=&#8221;50&#8243; gutter_size=&#8221;3&#8243; column_width_percent=&#8221;100&#8243; shift_y=&#8221;0&#8243; z_index=&#8221;0&#8243; uncode_shortcode_id=&#8221;149188&#8243; back_color_type=&#8221;uncode-solid&#8221; back_color_solid=&#8221;#00a66a&#8221; el_class=&#8221;green-bloc&#8221;][vc_column column_width_percent=&#8221;100&#8243; align_horizontal=&#8221;align_center&#8221; gutter_size=&#8221;3&#8243; style=&#8221;dark&#8221; overlay_alpha=&#8221;50&#8243; shift_x=&#8221;0&#8243; shift_y=&#8221;0&#8243; shift_y_down=&#8221;0&#8243; z_index=&#8221;0&#8243; medium_width=&#8221;0&#8243; mobile_width=&#8221;0&#8243; width=&#8221;1\/1&#8243; uncode_shortcode_id=&#8221;100599&#8243;][vc_custom_heading heading_semantic=&#8221;h1&#8243; text_font=&#8221;font-956804&#8243; text_transform=&#8221;uppercase&#8221; uncode_shortcode_id=&#8221;126651&#8243; el_class=&#8221;big-text-home&#8221;]Soir\u00e9es dansantes et spectacles de danse \u00e0 Lyon[\/vc_custom_heading][vc_column_text text_lead=&#8221;yes&#8221; uncode_shortcode_id=&#8221;143147&#8243;]D\u00e9couvrez l&#8217;effervescence artistique de Lyon \u00e0 La Commune, votre destination de choix pour des exp\u00e9riences dansantes m\u00e9morables. Nous vous proposons une programmation diversifi\u00e9e, con\u00e7ue pour satisfaire aussi bien les passionn\u00e9s de danse que les amateurs en qu\u00eate de divertissement de qualit\u00e9.<\/p>\n<p>De l&#8217;initiation aux danses du monde aux performances captivantes, La Commune vous offre un \u00e9ventail d&#8217;\u00e9v\u00e9nements soigneusement s\u00e9lectionn\u00e9s.<\/p>\n<p>Nous vous invitons \u00e0 consulter notre calendrier pour ne rien manquer des soir\u00e9es et spectacles de danse les plus pris\u00e9s de Lyon.<br \/>\n[\/vc_column_text][\/vc_column][\/vc_row][vc_row unlock_row_content=&#8221;yes&#8221; row_height_percent=&#8221;0&#8243; override_padding=&#8221;yes&#8221; h_padding=&#8221;1&#8243; top_padding=&#8221;0&#8243; bottom_padding=&#8221;0&#8243; overlay_alpha=&#8221;50&#8243; equal_height=&#8221;yes&#8221; gutter_size=&#8221;0&#8243; column_width_percent=&#8221;100&#8243; shift_y=&#8221;0&#8243; z_index=&#8221;0&#8243; uncode_shortcode_id=&#8221;892905&#8243; back_color_type=&#8221;uncode-solid&#8221; back_color_solid=&#8221;#fbf0f0&#8243;][vc_column column_width_percent=&#8221;100&#8243; align_horizontal=&#8221;align_center&#8221; gutter_size=&#8221;2&#8243; override_padding=&#8221;yes&#8221; column_padding=&#8221;3&#8243; overlay_alpha=&#8221;50&#8243; shift_x=&#8221;0&#8243; shift_y=&#8221;0&#8243; shift_y_down=&#8221;0&#8243; z_index=&#8221;0&#8243; medium_width=&#8221;0&#8243; mobile_width=&#8221;0&#8243; width=&#8221;1\/2&#8243; uncode_shortcode_id=&#8221;137686&#8243; css=&#8221;.vc_custom_1715862183411{padding-top: 60px !important;padding-bottom: 60px !important;}&#8221;][vc_custom_heading text_font=&#8221;font-956804&#8243; text_transform=&#8221;uppercase&#8221; uncode_shortcode_id=&#8221;152535&#8243;]Les meilleures soir\u00e9es dansantes \u00e0 Lyon[\/vc_custom_heading][vc_column_text text_lead=&#8221;yes&#8221; uncode_shortcode_id=&#8221;163568&#8243;]Plongez dans l&#8217;ambiance dynamique de nos soir\u00e9es dansantes \u00e0 La Commune. Chaque semaine, nous orchestrons des \u00e9v\u00e9nements uniques, allant des soir\u00e9es latines entra\u00eenantes aux sessions de danse contemporaine innovantes.<\/p>\n<p>Notre espace accueille des DJ talentueux et des groupes live r\u00e9put\u00e9s de la sc\u00e8ne lyonnaise, garantissant une exp\u00e9rience musicale et dansante de haute qualit\u00e9.<\/p>\n<p>Venez partager des moments conviviaux dans une atmosph\u00e8re festive.<br \/>\n[\/vc_column_text][\/vc_column][vc_column column_width_percent=&#8221;100&#8243; gutter_size=&#8221;3&#8243; back_image=&#8221;34921&#8243; parallax=&#8221;yes&#8221; overlay_alpha=&#8221;50&#8243; shift_x=&#8221;0&#8243; shift_y=&#8221;0&#8243; shift_y_down=&#8221;0&#8243; z_index=&#8221;0&#8243; medium_width=&#8221;0&#8243; mobile_width=&#8221;0&#8243; width=&#8221;1\/2&#8243; uncode_shortcode_id=&#8221;144940&#8243;][\/vc_column][\/vc_row][vc_row unlock_row_content=&#8221;yes&#8221; row_height_percent=&#8221;0&#8243; override_padding=&#8221;yes&#8221; h_padding=&#8221;1&#8243; top_padding=&#8221;0&#8243; bottom_padding=&#8221;0&#8243; overlay_alpha=&#8221;50&#8243; equal_height=&#8221;yes&#8221; gutter_size=&#8221;0&#8243; column_width_percent=&#8221;100&#8243; shift_y=&#8221;0&#8243; z_index=&#8221;0&#8243; uncode_shortcode_id=&#8221;841253&#8243; back_color_type=&#8221;uncode-solid&#8221; back_color_solid=&#8221;#fbf0f0&#8243;][vc_column column_width_percent=&#8221;100&#8243; gutter_size=&#8221;3&#8243; back_image=&#8221;34923&#8243; parallax=&#8221;yes&#8221; overlay_alpha=&#8221;50&#8243; shift_x=&#8221;0&#8243; shift_y=&#8221;0&#8243; shift_y_down=&#8221;0&#8243; z_index=&#8221;0&#8243; medium_width=&#8221;0&#8243; mobile_width=&#8221;0&#8243; width=&#8221;1\/2&#8243; uncode_shortcode_id=&#8221;299904&#8243;][\/vc_column][vc_column column_width_percent=&#8221;100&#8243; align_horizontal=&#8221;align_center&#8221; gutter_size=&#8221;2&#8243; override_padding=&#8221;yes&#8221; column_padding=&#8221;3&#8243; overlay_alpha=&#8221;50&#8243; shift_x=&#8221;0&#8243; shift_y=&#8221;0&#8243; shift_y_down=&#8221;0&#8243; z_index=&#8221;0&#8243; medium_width=&#8221;0&#8243; mobile_width=&#8221;0&#8243; width=&#8221;1\/2&#8243; uncode_shortcode_id=&#8221;137686&#8243; css=&#8221;.vc_custom_1715862183411{padding-top: 60px !important;padding-bottom: 60px !important;}&#8221;][vc_custom_heading heading_semantic=&#8221;h3&#8243; text_font=&#8221;font-956804&#8243; text_transform=&#8221;uppercase&#8221; uncode_shortcode_id=&#8221;108104&#8243;]Initiations de danse \u00e0 Lyon[\/vc_custom_heading][vc_column_text text_lead=&#8221;yes&#8221; uncode_shortcode_id=&#8221;791084&#8243;]Nos sessions d&#8217;initiation offrent une opportunit\u00e9 unique de d\u00e9velopper vos comp\u00e9tences dans un cadre accueillant et d\u00e9contract\u00e9.<br \/>\nNos intervenants vous guideront \u00e0 travers un large \u00e9ventail de styles de danse. De la salsa \u00e9nergique \u00e0 la bachata sensuelle, en passant par la samba rythm\u00e9e, notre programme diversifi\u00e9 saura r\u00e9pondre \u00e0 vos aspirations artistiques.<\/p>\n<p>Que vous soyez novice d\u00e9sireux de d\u00e9couvrir l&#8217;art de la danse ou danseur exp\u00e9riment\u00e9 cherchant \u00e0 affiner votre technique, nos initiations sont con\u00e7ues pour r\u00e9pondre \u00e0 vos besoins sp\u00e9cifiques. Rejoignez-nous pour une exp\u00e9rience d&#8217;apprentissage enrichissante, alliant rigueur technique et plaisir de la danse.<br \/>\n[\/vc_column_text][vc_button border_width=&#8221;0&#8243; icon_position=&#8221;right&#8221; icon=&#8221;fa fa-asterisk&#8221; uncode_shortcode_id=&#8221;344132&#8243; link=&#8221;url:https%3A%2F%2Flacommune.co%2Fsaint-etienne%2Fprogramme%2F|title:%C3%89v%C3%A9nements%20%C3%A0%20Lyon%207%20%3A%20D%C3%A9couvrez%20le%20programme%20de%20La%20Commune&#8221;]D\u00e9couvrir notre programme[\/vc_button][\/vc_column][\/vc_row][vc_row unlock_row_content=&#8221;yes&#8221; row_height_percent=&#8221;0&#8243; override_padding=&#8221;yes&#8221; h_padding=&#8221;1&#8243; top_padding=&#8221;0&#8243; bottom_padding=&#8221;0&#8243; overlay_alpha=&#8221;50&#8243; equal_height=&#8221;yes&#8221; gutter_size=&#8221;0&#8243; column_width_percent=&#8221;100&#8243; shift_y=&#8221;0&#8243; z_index=&#8221;0&#8243; uncode_shortcode_id=&#8221;841253&#8243; back_color_type=&#8221;uncode-solid&#8221; back_color_solid=&#8221;#fbf0f0&#8243;][vc_column column_width_percent=&#8221;100&#8243; align_horizontal=&#8221;align_center&#8221; gutter_size=&#8221;2&#8243; override_padding=&#8221;yes&#8221; column_padding=&#8221;3&#8243; overlay_alpha=&#8221;50&#8243; shift_x=&#8221;0&#8243; shift_y=&#8221;0&#8243; shift_y_down=&#8221;0&#8243; z_index=&#8221;0&#8243; medium_width=&#8221;0&#8243; mobile_width=&#8221;0&#8243; width=&#8221;1\/2&#8243; uncode_shortcode_id=&#8221;172098&#8243; css=&#8221;.vc_custom_1724771566324{padding-top: 60px !important;padding-bottom: 60px !important;}&#8221;][vc_custom_heading heading_semantic=&#8221;h3&#8243; text_font=&#8221;font-956804&#8243; text_transform=&#8221;uppercase&#8221; uncode_shortcode_id=&#8221;964986&#8243;]Spectacles de danse \u00e0 Lyon[\/vc_custom_heading][vc_column_text text_lead=&#8221;yes&#8221; uncode_shortcode_id=&#8221;225476&#8243;]La Commune s&#8217;impose comme un lieu incontournable pour les amateurs d&#8217;art chor\u00e9graphique \u00e0 Lyon, en proposant une programmation de spectacles de danse de haute qualit\u00e9. Notre \u00e9tablissement accueille r\u00e9guli\u00e8rement des performances captivantes.<\/p>\n<p>Notre s\u00e9lection \u00e9clectique couvre un large spectre de styles, de la danse contemporaine aux expressions urbaines comme le hip-hop, en passant par des formes plus classiques.<\/p>\n<p>Chaque spectacle est soigneusement choisi pour offrir une exp\u00e9rience artistique enrichissante, alliant technique, cr\u00e9ativit\u00e9 et \u00e9motion.<\/p>\n<p>Nous vous invitons \u00e0 consulter notre agenda r\u00e9guli\u00e8rement mis \u00e0 jour pour d\u00e9couvrir les prochaines repr\u00e9sentations. Venez vivre des moments d&#8217;exception et laissez-vous transporter par la magie de la danse \u00e0 La Commune.<br \/>\n[\/vc_column_text][\/vc_column][vc_column column_width_percent=&#8221;100&#8243; gutter_size=&#8221;3&#8243; back_image=&#8221;34920&#8243; parallax=&#8221;yes&#8221; overlay_alpha=&#8221;50&#8243; shift_x=&#8221;0&#8243; shift_y=&#8221;0&#8243; shift_y_down=&#8221;0&#8243; z_index=&#8221;0&#8243; medium_width=&#8221;0&#8243; mobile_width=&#8221;0&#8243; width=&#8221;1\/2&#8243; uncode_shortcode_id=&#8221;173378&#8243;][\/vc_column][\/vc_row][vc_row unlock_row_content=&#8221;yes&#8221; row_height_percent=&#8221;0&#8243; override_padding=&#8221;yes&#8221; h_padding=&#8221;1&#8243; top_padding=&#8221;0&#8243; bottom_padding=&#8221;0&#8243; back_color=&#8221;color-109014&#8243; overlay_alpha=&#8221;50&#8243; equal_height=&#8221;yes&#8221; gutter_size=&#8221;0&#8243; column_width_percent=&#8221;100&#8243; shift_y=&#8221;0&#8243; z_index=&#8221;0&#8243; uncode_shortcode_id=&#8221;123247&#8243; back_color_type=&#8221;uncode-palette&#8221;][vc_column column_width_percent=&#8221;100&#8243; gutter_size=&#8221;3&#8243; back_image=&#8221;35084&#8243; parallax=&#8221;yes&#8221; overlay_alpha=&#8221;50&#8243; shift_x=&#8221;0&#8243; shift_y=&#8221;0&#8243; shift_y_down=&#8221;0&#8243; z_index=&#8221;0&#8243; medium_width=&#8221;0&#8243; mobile_width=&#8221;0&#8243; width=&#8221;1\/2&#8243; uncode_shortcode_id=&#8221;165063&#8243;][\/vc_column][vc_column column_width_percent=&#8221;100&#8243; align_horizontal=&#8221;align_center&#8221; gutter_size=&#8221;2&#8243; override_padding=&#8221;yes&#8221; column_padding=&#8221;3&#8243; style=&#8221;dark&#8221; overlay_alpha=&#8221;50&#8243; shift_x=&#8221;0&#8243; shift_y=&#8221;0&#8243; shift_y_down=&#8221;0&#8243; z_index=&#8221;0&#8243; medium_width=&#8221;0&#8243; mobile_width=&#8221;0&#8243; width=&#8221;1\/2&#8243; uncode_shortcode_id=&#8221;993719&#8243; css=&#8221;.vc_custom_1724220540328{padding-top: 60px !important;padding-bottom: 60px !important;}&#8221;][vc_custom_heading text_font=&#8221;font-956804&#8243; text_size=&#8221;h3&#8243; text_transform=&#8221;uppercase&#8221; uncode_shortcode_id=&#8221;124711&#8243; el_class=&#8221;big-text-home&#8221;]Pourquoi choisir La Commune pour vos soir\u00e9es danse ?[\/vc_custom_heading][vc_column_text text_lead=&#8221;yes&#8221; uncode_shortcode_id=&#8221;134673&#8243;]La Commune s&#8217;est forg\u00e9e une r\u00e9putation d&#8217;excellence dans le paysage culturel lyonnais.<\/p>\n<p>Notre \u00e9tablissement se distingue par plusieurs atouts majeurs :<\/p>\n<ul>\n<li>Une programmation diversifi\u00e9e et de qualit\u00e9, soigneusement \u00e9labor\u00e9e pour satisfaire tous les go\u00fbts et niveaux.<\/li>\n<li>Un cadre accueillant et raffin\u00e9, propice \u00e0 la cr\u00e9ation d&#8217;une ambiance festive.<\/li>\n<li>Des intervenants et artistes reconnus, garantissant des prestations de haut niveau.<\/li>\n<li>Des \u00e9quipements techniques de pointe, assurant une exp\u00e9rience sonore et visuelle optimale.<\/li>\n<li>Un engagement fort dans la promotion de la sc\u00e8ne artistique locale.<\/li>\n<li>En choisissant La Commune, vous optez pour une exp\u00e9rience dansante compl\u00e8te, alliant qualit\u00e9 artistique, convivialit\u00e9 et professionnalisme.<\/li>\n<\/ul>\n<p>[\/vc_column_text][\/vc_column][\/vc_row][vc_row unlock_row_content=&#8221;yes&#8221; row_height_percent=&#8221;0&#8243; override_padding=&#8221;yes&#8221; h_padding=&#8221;1&#8243; top_padding=&#8221;0&#8243; bottom_padding=&#8221;0&#8243; overlay_alpha=&#8221;50&#8243; equal_height=&#8221;yes&#8221; gutter_size=&#8221;0&#8243; column_width_percent=&#8221;100&#8243; shift_y=&#8221;0&#8243; z_index=&#8221;0&#8243; uncode_shortcode_id=&#8221;841253&#8243; back_color_type=&#8221;uncode-solid&#8221; back_color_solid=&#8221;#fbf0f0&#8243;][vc_column column_width_percent=&#8221;100&#8243; align_horizontal=&#8221;align_center&#8221; gutter_size=&#8221;2&#8243; override_padding=&#8221;yes&#8221; column_padding=&#8221;3&#8243; overlay_alpha=&#8221;50&#8243; shift_x=&#8221;0&#8243; shift_y=&#8221;0&#8243; shift_y_down=&#8221;0&#8243; z_index=&#8221;0&#8243; medium_width=&#8221;0&#8243; mobile_width=&#8221;0&#8243; width=&#8221;1\/2&#8243; uncode_shortcode_id=&#8221;137686&#8243; css=&#8221;.vc_custom_1715862183411{padding-top: 60px !important;padding-bottom: 60px !important;}&#8221;][vc_custom_heading heading_semantic=&#8221;h3&#8243; text_font=&#8221;font-956804&#8243; text_transform=&#8221;uppercase&#8221; uncode_shortcode_id=&#8221;157289&#8243;]Infos pratiques et r\u00e9servations[\/vc_custom_heading][vc_column_text text_lead=&#8221;yes&#8221; uncode_shortcode_id=&#8221;975805&#8243;]Pour faciliter votre participation \u00e0 nos \u00e9v\u00e9nements, nous mettons \u00e0 votre disposition toutes les informations essentielles :<br \/>\nNotre calendrier d\u00e9taill\u00e9 est r\u00e9guli\u00e8rement mis \u00e0 jour sur notre site web.<br \/>\nDes informations pr\u00e9cises sur l&#8217;acc\u00e8s \u00e0 La Commune, incluant les transports en commun et les options de stationnement, sont disponibles dans la section &#8220;Nous trouver&#8221; de notre site.<br \/>\nPour toute demande sp\u00e9cifique ou renseignement compl\u00e9mentaire, notre \u00e9quipe se tient \u00e0 votre disposition par email.[\/vc_column_text][\/vc_column][vc_column column_width_percent=&#8221;100&#8243; gutter_size=&#8221;3&#8243; back_image=&#8221;35086&#8243; parallax=&#8221;yes&#8221; overlay_alpha=&#8221;50&#8243; shift_x=&#8221;0&#8243; shift_y=&#8221;0&#8243; shift_y_down=&#8221;0&#8243; z_index=&#8221;0&#8243; medium_width=&#8221;0&#8243; mobile_width=&#8221;0&#8243; width=&#8221;1\/2&#8243; uncode_shortcode_id=&#8221;428418&#8243;][\/vc_column][\/vc_row][vc_row row_height_percent=&#8221;0&#8243; overlay_alpha=&#8221;50&#8243; gutter_size=&#8221;3&#8243; column_width_percent=&#8221;100&#8243; shift_y=&#8221;0&#8243; z_index=&#8221;0&#8243; uncode_shortcode_id=&#8221;185254&#8243;][vc_column width=&#8221;1\/1&#8243;][vc_custom_heading text_font=&#8221;font-956804&#8243; text_size=&#8221;h1&#8243; text_transform=&#8221;uppercase&#8221; uncode_shortcode_id=&#8221;177422&#8243; text_color_type=&#8221;uncode-solid&#8221; text_color_solid=&#8221;#2f81c4&#8243;]NOS \u00c9V\u00c9NEMENTS[\/vc_custom_heading][uncode_index el_id=&#8221;index-208384&#8243; index_type=&#8221;carousel&#8221; loop=&#8221;size:10|order_by:date|post_type:portfolio|tax_query:16,7|taxonomy_count:10&#8243; carousel_lg=&#8221;3&#8243; carousel_md=&#8221;3&#8243; carousel_sm=&#8221;2&#8243; thumb_size=&#8221;one-one&#8221; gutter_size=&#8221;0&#8243; portfolio_items=&#8221;title,category|nobg|relative|display-icon,detail-448904&#8243; carousel_interval=&#8221;3000&#8243; carousel_navspeed=&#8221;400&#8243; carousel_loop=&#8221;yes&#8221; carousel_overflow=&#8221;yes&#8221; carousel_dots=&#8221;yes&#8221; carousel_dots_mobile=&#8221;yes&#8221; stage_padding=&#8221;0&#8243; single_text=&#8221;overlay&#8221; single_back_color=&#8221;color-156327&#8243; single_overlay_opacity=&#8221;1&#8243; single_overlay_visible=&#8221;yes&#8221; single_overlay_anim=&#8221;no&#8221; single_text_visible=&#8221;yes&#8221; single_text_anim=&#8221;no&#8221; single_image_anim=&#8221;no&#8221; single_padding=&#8221;1&#8243; single_text_reduced=&#8221;yes&#8221; single_title_dimension=&#8221;h3&#8243; single_border=&#8221;yes&#8221; no_double_tap=&#8221;yes&#8221; uncode_shortcode_id=&#8221;213318&#8243;][\/vc_column][\/vc_row]<\/p>\n<\/div>","protected":false},"excerpt":{"rendered":"<p>[vc_row row_height_percent=&#8221;0&#8243; overlay_alpha=&#8221;50&#8243; gutter_size=&#8221;3&#8243; column_width_percent=&#8221;100&#8243; shift_y=&#8221;0&#8243; z_index=&#8221;0&#8243; uncode_shortcode_id=&#8221;149188&#8243; back_color_type=&#8221;uncode-solid&#8221; back_color_solid=&#8221;#00a66a&#8221; el_class=&#8221;green-bloc&#8221;][vc_column column_width_percent=&#8221;100&#8243; align_horizontal=&#8221;align_center&#8221; gutter_size=&#8221;3&#8243; style=&#8221;dark&#8221; overlay_alpha=&#8221;50&#8243; shift_x=&#8221;0&#8243; shift_y=&#8221;0&#8243; shift_y_down=&#8221;0&#8243; z_index=&#8221;0&#8243; [&hellip;]<\/p>\n","protected":false},"author":1,"featured_media":0,"parent":0,"menu_order":0,"comment_status":"closed","ping_status":"closed","template":"","meta":{"_acf_changed":false,"_monsterinsights_skip_tracking":false,"_monsterinsights_sitenote_active":false,"_monsterinsights_sitenote_note":"","_monsterinsights_sitenote_category":0,"footnotes":""},"class_list":["post-34898","page","type-page","status-publish","hentry"],"acf":[],"yoast_head":"<!-- This site is optimized with the Yoast SEO plugin v27.3 - https:\/\/yoast.com\/product\/yoast-seo-wordpress\/ -->\n<title>Soir\u00e9es dansantes et spectacles de danse \u00e0 Lyon - LA COMMUNE<\/title>\n<meta name=\"robots\" content=\"index, follow, max-snippet:-1, max-image-preview:large, max-video-preview:-1\" \/>\n<link rel=\"canonical\" href=\"https:\/\/lacommune.co\/saint-etienne\/soirees-dansantes-et-spectacles-de-danse-a-lyon\/\" \/>\n<meta property=\"og:locale\" content=\"fr_FR\" \/>\n<meta property=\"og:type\" content=\"article\" \/>\n<meta property=\"og:title\" content=\"Soir\u00e9es dansantes et spectacles de danse \u00e0 Lyon - LA COMMUNE\" \/>\n<meta property=\"og:description\" content=\"[vc_row row_height_percent=&#8221;0&#8243; overlay_alpha=&#8221;50&#8243; gutter_size=&#8221;3&#8243; column_width_percent=&#8221;100&#8243; shift_y=&#8221;0&#8243; z_index=&#8221;0&#8243; uncode_shortcode_id=&#8221;149188&#8243; back_color_type=&#8221;uncode-solid&#8221; back_color_solid=&#8221;#00a66a&#8221; el_class=&#8221;green-bloc&#8221;][vc_column column_width_percent=&#8221;100&#8243; align_horizontal=&#8221;align_center&#8221; gutter_size=&#8221;3&#8243; style=&#8221;dark&#8221; overlay_alpha=&#8221;50&#8243; shift_x=&#8221;0&#8243; shift_y=&#8221;0&#8243; shift_y_down=&#8221;0&#8243; z_index=&#8221;0&#8243; [&hellip;]\" \/>\n<meta property=\"og:url\" content=\"https:\/\/lacommune.co\/saint-etienne\/soirees-dansantes-et-spectacles-de-danse-a-lyon\/\" \/>\n<meta property=\"og:site_name\" content=\"LA COMMUNE\" \/>\n<meta property=\"article:publisher\" content=\"https:\/\/www.facebook.com\/lacommuneentrezlibres\/\" \/>\n<meta property=\"article:modified_time\" content=\"2024-12-04T15:09:35+00:00\" \/>\n<meta property=\"og:image\" content=\"https:\/\/lacommune.co\/saint-etienne\/wp-content\/uploads\/2021\/12\/screenshot-2021-12-14-a\u0300-00.23.53-scaled.png\" \/>\n\t<meta property=\"og:image:width\" content=\"2560\" \/>\n\t<meta property=\"og:image:height\" content=\"1389\" \/>\n\t<meta property=\"og:image:type\" content=\"image\/png\" \/>\n<meta name=\"twitter:card\" content=\"summary_large_image\" \/>\n<meta name=\"twitter:label1\" content=\"Dur\u00e9e de lecture estim\u00e9e\" \/>\n\t<meta name=\"twitter:data1\" content=\"5 minutes\" \/>\n<!-- \/ Yoast SEO plugin. -->","yoast_head_json":{"title":"Soir\u00e9es dansantes et spectacles de danse \u00e0 Lyon - LA COMMUNE","robots":{"index":"index","follow":"follow","max-snippet":"max-snippet:-1","max-image-preview":"max-image-preview:large","max-video-preview":"max-video-preview:-1"},"canonical":"https:\/\/lacommune.co\/saint-etienne\/soirees-dansantes-et-spectacles-de-danse-a-lyon\/","og_locale":"fr_FR","og_type":"article","og_title":"Soir\u00e9es dansantes et spectacles de danse \u00e0 Lyon - LA COMMUNE","og_description":"[vc_row row_height_percent=&#8221;0&#8243; overlay_alpha=&#8221;50&#8243; gutter_size=&#8221;3&#8243; column_width_percent=&#8221;100&#8243; shift_y=&#8221;0&#8243; z_index=&#8221;0&#8243; uncode_shortcode_id=&#8221;149188&#8243; back_color_type=&#8221;uncode-solid&#8221; back_color_solid=&#8221;#00a66a&#8221; el_class=&#8221;green-bloc&#8221;][vc_column column_width_percent=&#8221;100&#8243; align_horizontal=&#8221;align_center&#8221; gutter_size=&#8221;3&#8243; style=&#8221;dark&#8221; overlay_alpha=&#8221;50&#8243; shift_x=&#8221;0&#8243; shift_y=&#8221;0&#8243; shift_y_down=&#8221;0&#8243; z_index=&#8221;0&#8243; [&hellip;]","og_url":"https:\/\/lacommune.co\/saint-etienne\/soirees-dansantes-et-spectacles-de-danse-a-lyon\/","og_site_name":"LA COMMUNE","article_publisher":"https:\/\/www.facebook.com\/lacommuneentrezlibres\/","article_modified_time":"2024-12-04T15:09:35+00:00","og_image":[{"width":2560,"height":1389,"url":"https:\/\/lacommune.co\/saint-etienne\/wp-content\/uploads\/2021\/12\/screenshot-2021-12-14-a\u0300-00.23.53-scaled.png","type":"image\/png"}],"twitter_card":"summary_large_image","twitter_misc":{"Dur\u00e9e de lecture estim\u00e9e":"5 minutes"},"schema":{"@context":"https:\/\/schema.org","@graph":[{"@type":"WebPage","@id":"https:\/\/lacommune.co\/saint-etienne\/soirees-dansantes-et-spectacles-de-danse-a-lyon\/","url":"https:\/\/lacommune.co\/saint-etienne\/soirees-dansantes-et-spectacles-de-danse-a-lyon\/","name":"Soir\u00e9es dansantes et spectacles de danse \u00e0 Lyon - LA COMMUNE","isPartOf":{"@id":"https:\/\/lacommune.co\/saint-etienne\/#website"},"datePublished":"2024-08-21T06:05:49+00:00","dateModified":"2024-12-04T15:09:35+00:00","breadcrumb":{"@id":"https:\/\/lacommune.co\/saint-etienne\/soirees-dansantes-et-spectacles-de-danse-a-lyon\/#breadcrumb"},"inLanguage":"fr-FR","potentialAction":[{"@type":"ReadAction","target":["https:\/\/lacommune.co\/saint-etienne\/soirees-dansantes-et-spectacles-de-danse-a-lyon\/"]}]},{"@type":"BreadcrumbList","@id":"https:\/\/lacommune.co\/saint-etienne\/soirees-dansantes-et-spectacles-de-danse-a-lyon\/#breadcrumb","itemListElement":[{"@type":"ListItem","position":1,"name":"Accueil","item":"https:\/\/lacommune.co\/saint-etienne\/"},{"@type":"ListItem","position":2,"name":"Soir\u00e9es dansantes et spectacles de danse \u00e0 Lyon"}]},{"@type":"WebSite","@id":"https:\/\/lacommune.co\/saint-etienne\/#website","url":"https:\/\/lacommune.co\/saint-etienne\/","name":"LA COMMUNE","description":"LYON","publisher":{"@id":"https:\/\/lacommune.co\/saint-etienne\/#organization"},"potentialAction":[{"@type":"SearchAction","target":{"@type":"EntryPoint","urlTemplate":"https:\/\/lacommune.co\/saint-etienne\/?s={search_term_string}"},"query-input":{"@type":"PropertyValueSpecification","valueRequired":true,"valueName":"search_term_string"}}],"inLanguage":"fr-FR"},{"@type":"Organization","@id":"https:\/\/lacommune.co\/saint-etienne\/#organization","name":"LA COMMUNE","url":"https:\/\/lacommune.co\/saint-etienne\/","logo":{"@type":"ImageObject","inLanguage":"fr-FR","@id":"https:\/\/lacommune.co\/saint-etienne\/#\/schema\/logo\/image\/","url":"https:\/\/lacommune.co\/saint-etienne\/wp-content\/uploads\/2021\/06\/lacommunelogo-1.svg","contentUrl":"https:\/\/lacommune.co\/saint-etienne\/wp-content\/uploads\/2021\/06\/lacommunelogo-1.svg","width":"1","height":"1","caption":"LA COMMUNE"},"image":{"@id":"https:\/\/lacommune.co\/saint-etienne\/#\/schema\/logo\/image\/"},"sameAs":["https:\/\/www.facebook.com\/lacommuneentrezlibres\/","https:\/\/www.instagram.com\/lacommuneentrezlibres\/","https:\/\/www.linkedin.com\/company\/lacommune-entrezlibres\/"]}]}},"_links":{"self":[{"href":"https:\/\/lacommune.co\/saint-etienne\/wp-json\/wp\/v2\/pages\/34898","targetHints":{"allow":["GET"]}}],"collection":[{"href":"https:\/\/lacommune.co\/saint-etienne\/wp-json\/wp\/v2\/pages"}],"about":[{"href":"https:\/\/lacommune.co\/saint-etienne\/wp-json\/wp\/v2\/types\/page"}],"author":[{"embeddable":true,"href":"https:\/\/lacommune.co\/saint-etienne\/wp-json\/wp\/v2\/users\/1"}],"replies":[{"embeddable":true,"href":"https:\/\/lacommune.co\/saint-etienne\/wp-json\/wp\/v2\/comments?post=34898"}],"version-history":[{"count":15,"href":"https:\/\/lacommune.co\/saint-etienne\/wp-json\/wp\/v2\/pages\/34898\/revisions"}],"predecessor-version":[{"id":35848,"href":"https:\/\/lacommune.co\/saint-etienne\/wp-json\/wp\/v2\/pages\/34898\/revisions\/35848"}],"wp:attachment":[{"href":"https:\/\/lacommune.co\/saint-etienne\/wp-json\/wp\/v2\/media?parent=34898"}],"curies":[{"name":"wp","href":"https:\/\/api.w.org\/{rel}","templated":true}]}}