{"id":35016,"date":"2024-08-29T11:35:00","date_gmt":"2024-08-29T09:35:00","guid":{"rendered":"https:\/\/lacommune.co\/saint-etienne\/?page_id=35016"},"modified":"2025-06-05T16:42:00","modified_gmt":"2025-06-05T14:42:00","slug":"kishmish-zardak","status":"publish","type":"page","link":"https:\/\/lacommune.co\/saint-etienne\/fou-de-food\/kishmish-zardak\/","title":{"rendered":"KISHMISH ZARDAK"},"content":{"rendered":"<div class=\"wpb-content-wrapper\"><p>[vc_row unlock_row_content=&#8221;yes&#8221; row_height_percent=&#8221;80&#8243; override_padding=&#8221;yes&#8221; h_padding=&#8221;0&#8243; top_padding=&#8221;0&#8243; bottom_padding=&#8221;2&#8243; back_image=&#8221;35022&#8243; overlay_color=&#8221;color-jevc&#8221; overlay_alpha=&#8221;18&#8243; gutter_size=&#8221;3&#8243; column_width_percent=&#8221;100&#8243; shift_y=&#8221;0&#8243; z_index=&#8221;0&#8243; uncode_shortcode_id=&#8221;918389&#8243; overlay_color_type=&#8221;uncode-palette&#8221;][vc_column column_width_percent=&#8221;100&#8243; position_vertical=&#8221;bottom&#8221; align_horizontal=&#8221;align_center&#8221; gutter_size=&#8221;3&#8243; style=&#8221;dark&#8221; overlay_alpha=&#8221;50&#8243; shift_x=&#8221;0&#8243; shift_y=&#8221;0&#8243; shift_y_down=&#8221;0&#8243; z_index=&#8221;0&#8243; medium_width=&#8221;0&#8243; mobile_width=&#8221;0&#8243; width=&#8221;1\/1&#8243; uncode_shortcode_id=&#8221;206082&#8243; mobile_height=&#8221;600&#8243;][vc_custom_heading auto_text=&#8221;yes&#8221; heading_semantic=&#8221;h1&#8243; text_font=&#8221;font-956804&#8243; text_size=&#8221;h1&#8243; uncode_shortcode_id=&#8221;100488&#8243;]This is a custom heading element.[\/vc_custom_heading][\/vc_column][\/vc_row][vc_row row_height_percent=&#8221;0&#8243; override_padding=&#8221;yes&#8221; h_padding=&#8221;2&#8243; top_padding=&#8221;4&#8243; bottom_padding=&#8221;4&#8243; overlay_alpha=&#8221;50&#8243; gutter_size=&#8221;3&#8243; column_width_percent=&#8221;100&#8243; shift_y=&#8221;0&#8243; z_index=&#8221;0&#8243; uncode_shortcode_id=&#8221;103024&#8243;][vc_column column_width_percent=&#8221;53&#8243; position_vertical=&#8221;middle&#8221; align_horizontal=&#8221;align_center&#8221; gutter_size=&#8221;3&#8243; overlay_alpha=&#8221;50&#8243; shift_x=&#8221;0&#8243; shift_y=&#8221;0&#8243; shift_y_down=&#8221;0&#8243; z_index=&#8221;0&#8243; medium_width=&#8221;0&#8243; mobile_width=&#8221;0&#8243; width=&#8221;1\/1&#8243; uncode_shortcode_id=&#8221;840141&#8243;][vc_custom_heading text_font=&#8221;font-956804&#8243; uncode_shortcode_id=&#8221;212182&#8243;]SAVEURS D&#8217;ASIE CENTRALE[\/vc_custom_heading][vc_column_text uncode_shortcode_id=&#8221;113502&#8243;]Derri\u00e8re cette nouvelle \u00e9choppe, un duo surprenant : Mustafa et Omid !<br \/>\nCes deux entrepreneurs sont arriv\u00e9s en France en 2016. Apr\u00e8s avoir obtenu le statut de r\u00e9fugi\u00e9s, ces deux passionn\u00e9s ont appris la langue et ont travaill\u00e9 dans de nombreuses cuisines lyonnaises en tant que cuisinier et serveur.<br \/>\n\u200c<br \/>\nApr\u00e8s la gestion de leur propre food truck en 2022, ils d\u00e9cident de rejoindre La Commune et l\u2019incubateur culinaire pour concr\u00e9tiser leur r\u00eave ultime : l\u2019ouverture de leur premier restaurant Afghan.<br \/>\n\u200c<br \/>\nVivez un voyage gustatif au c\u0153ur de l\u2019Asie centrale, o\u00f9 se m\u00ealent ar\u00f4mes et \u00e9pices pour une aventure exotique.<br \/>\n\u200c<br \/>\nPrenez part \u00e0 leur aventure humaine et culinaire ![\/vc_column_text][vc_empty_space empty_h=&#8221;1&#8243;][vc_button border_width=&#8221;0&#8243; display=&#8221;inline&#8221; inline_mobile=&#8221;yes&#8221; top_margin=&#8221;yes&#8221; uncode_shortcode_id=&#8221;142107&#8243; link=&#8221;url:https%3A%2F%2Flacommune.co%2Fsaint-etienne%2Fmenu-restaurant%2Frestaurant-kishmish-zardak%2F&#8221;]MENU[\/vc_button][vc_button border_width=&#8221;0&#8243; display=&#8221;inline&#8221; inline_mobile=&#8221;yes&#8221; top_margin=&#8221;yes&#8221; uncode_shortcode_id=&#8221;108075&#8243; link=&#8221;url:https%3A%2F%2Fwww.instagram.com%2Fkishmish_zardak%2F&#8221;]INSTA[\/vc_button][\/vc_column][\/vc_row][vc_row unlock_row_content=&#8221;yes&#8221; row_height_percent=&#8221;0&#8243; overlay_alpha=&#8221;50&#8243; gutter_size=&#8221;3&#8243; column_width_percent=&#8221;100&#8243; shift_y=&#8221;0&#8243; z_index=&#8221;0&#8243; uncode_shortcode_id=&#8221;817641&#8243;][vc_column width=&#8221;1\/1&#8243;][vc_gallery el_id=&#8221;gallery-107530&#8243; type=&#8221;carousel&#8221; medias=&#8221;35017,35018,35019,35020,35021&#8243; carousel_lg=&#8221;4&#8243; carousel_md=&#8221;3&#8243; carousel_sm=&#8221;2&#8243; thumb_size=&#8221;one-one&#8221; gutter_size=&#8221;2&#8243; media_items=&#8221;media|lightbox|original&#8221; carousel_interval=&#8221;3000&#8243; carousel_navspeed=&#8221;400&#8243; carousel_dots=&#8221;yes&#8221; carousel_dots_mobile=&#8221;yes&#8221; stage_padding=&#8221;0&#8243; single_overlay_opacity=&#8221;1&#8243; single_padding=&#8221;2&#8243; single_border=&#8221;yes&#8221; uncode_shortcode_id=&#8221;251400&#8243;][\/vc_column][\/vc_row]<\/p>\n<\/div>","protected":false},"excerpt":{"rendered":"<p>[vc_row unlock_row_content=&#8221;yes&#8221; row_height_percent=&#8221;80&#8243; override_padding=&#8221;yes&#8221; h_padding=&#8221;0&#8243; top_padding=&#8221;0&#8243; bottom_padding=&#8221;2&#8243; back_image=&#8221;35022&#8243; overlay_color=&#8221;color-jevc&#8221; overlay_alpha=&#8221;18&#8243; gutter_size=&#8221;3&#8243; column_width_percent=&#8221;100&#8243; shift_y=&#8221;0&#8243; z_index=&#8221;0&#8243; uncode_shortcode_id=&#8221;918389&#8243; overlay_color_type=&#8221;uncode-palette&#8221;][vc_column column_width_percent=&#8221;100&#8243; position_vertical=&#8221;bottom&#8221; align_horizontal=&#8221;align_center&#8221; gutter_size=&#8221;3&#8243; [&hellip;]<\/p>\n","protected":false},"author":2,"featured_media":0,"parent":34781,"menu_order":0,"comment_status":"closed","ping_status":"closed","template":"","meta":{"_acf_changed":false,"_monsterinsights_skip_tracking":false,"_monsterinsights_sitenote_active":false,"_monsterinsights_sitenote_note":"","_monsterinsights_sitenote_category":0,"footnotes":""},"class_list":["post-35016","page","type-page","status-publish","hentry"],"acf":[],"yoast_head":"<!-- This site is optimized with the Yoast SEO plugin v27.5 - https:\/\/yoast.com\/product\/yoast-seo-wordpress\/ -->\n<title>KISHMISH ZARDAK - LA COMMUNE<\/title>\n<meta name=\"description\" content=\"D\u00e9couvrez Kishmish Zardak \u00e0 La Commune, Lyon : une cuisine afghane authentique, m\u00ealant \u00e9pices et saveurs traditionnelles. Savourez des plats faits maison aux inspirations riches et vari\u00e9es.\" \/>\n<meta name=\"robots\" content=\"index, follow, max-snippet:-1, max-image-preview:large, max-video-preview:-1\" \/>\n<link rel=\"canonical\" href=\"https:\/\/lacommune.co\/saint-etienne\/fou-de-food\/kishmish-zardak\/\" \/>\n<meta property=\"og:locale\" content=\"fr_FR\" \/>\n<meta property=\"og:type\" content=\"article\" \/>\n<meta property=\"og:title\" content=\"KISHMISH ZARDAK - LA COMMUNE\" \/>\n<meta property=\"og:description\" content=\"D\u00e9couvrez Kishmish Zardak \u00e0 La Commune, Lyon : une cuisine afghane authentique, m\u00ealant \u00e9pices et saveurs traditionnelles. Savourez des plats faits maison aux inspirations riches et vari\u00e9es.\" \/>\n<meta property=\"og:url\" content=\"https:\/\/lacommune.co\/saint-etienne\/fou-de-food\/kishmish-zardak\/\" \/>\n<meta property=\"og:site_name\" content=\"LA COMMUNE\" \/>\n<meta property=\"article:publisher\" content=\"https:\/\/www.facebook.com\/lacommuneentrezlibres\/\" \/>\n<meta property=\"article:modified_time\" content=\"2025-06-05T14:42:00+00:00\" \/>\n<meta property=\"og:image\" content=\"https:\/\/lacommune.co\/saint-etienne\/wp-content\/uploads\/2021\/12\/screenshot-2021-12-14-a\u0300-00.23.53-scaled.png\" \/>\n\t<meta property=\"og:image:width\" content=\"2560\" \/>\n\t<meta property=\"og:image:height\" content=\"1389\" \/>\n\t<meta property=\"og:image:type\" content=\"image\/png\" \/>\n<meta name=\"twitter:card\" content=\"summary_large_image\" \/>\n<meta name=\"twitter:label1\" content=\"Dur\u00e9e de lecture estim\u00e9e\" \/>\n\t<meta name=\"twitter:data1\" content=\"2 minutes\" \/>\n<!-- \/ Yoast SEO plugin. -->","yoast_head_json":{"title":"KISHMISH ZARDAK - LA COMMUNE","description":"D\u00e9couvrez Kishmish Zardak \u00e0 La Commune, Lyon : une cuisine afghane authentique, m\u00ealant \u00e9pices et saveurs traditionnelles. Savourez des plats faits maison aux inspirations riches et vari\u00e9es.","robots":{"index":"index","follow":"follow","max-snippet":"max-snippet:-1","max-image-preview":"max-image-preview:large","max-video-preview":"max-video-preview:-1"},"canonical":"https:\/\/lacommune.co\/saint-etienne\/fou-de-food\/kishmish-zardak\/","og_locale":"fr_FR","og_type":"article","og_title":"KISHMISH ZARDAK - LA COMMUNE","og_description":"D\u00e9couvrez Kishmish Zardak \u00e0 La Commune, Lyon : une cuisine afghane authentique, m\u00ealant \u00e9pices et saveurs traditionnelles. Savourez des plats faits maison aux inspirations riches et vari\u00e9es.","og_url":"https:\/\/lacommune.co\/saint-etienne\/fou-de-food\/kishmish-zardak\/","og_site_name":"LA COMMUNE","article_publisher":"https:\/\/www.facebook.com\/lacommuneentrezlibres\/","article_modified_time":"2025-06-05T14:42:00+00:00","og_image":[{"width":2560,"height":1389,"url":"https:\/\/lacommune.co\/saint-etienne\/wp-content\/uploads\/2021\/12\/screenshot-2021-12-14-a\u0300-00.23.53-scaled.png","type":"image\/png"}],"twitter_card":"summary_large_image","twitter_misc":{"Dur\u00e9e de lecture estim\u00e9e":"2 minutes"},"schema":{"@context":"https:\/\/schema.org","@graph":[{"@type":"WebPage","@id":"https:\/\/lacommune.co\/saint-etienne\/fou-de-food\/kishmish-zardak\/","url":"https:\/\/lacommune.co\/saint-etienne\/fou-de-food\/kishmish-zardak\/","name":"KISHMISH ZARDAK - LA COMMUNE","isPartOf":{"@id":"https:\/\/lacommune.co\/saint-etienne\/#website"},"datePublished":"2024-08-29T09:35:00+00:00","dateModified":"2025-06-05T14:42:00+00:00","description":"D\u00e9couvrez Kishmish Zardak \u00e0 La Commune, Lyon : une cuisine afghane authentique, m\u00ealant \u00e9pices et saveurs traditionnelles. Savourez des plats faits maison aux inspirations riches et vari\u00e9es.","breadcrumb":{"@id":"https:\/\/lacommune.co\/saint-etienne\/fou-de-food\/kishmish-zardak\/#breadcrumb"},"inLanguage":"fr-FR","potentialAction":[{"@type":"ReadAction","target":["https:\/\/lacommune.co\/saint-etienne\/fou-de-food\/kishmish-zardak\/"]}]},{"@type":"BreadcrumbList","@id":"https:\/\/lacommune.co\/saint-etienne\/fou-de-food\/kishmish-zardak\/#breadcrumb","itemListElement":[{"@type":"ListItem","position":1,"name":"Accueil","item":"https:\/\/lacommune.co\/saint-etienne\/"},{"@type":"ListItem","position":2,"name":"Food Court \u00e0 Saint-Etienne : La Commune votre incubateur culinaire","item":"https:\/\/lacommune.co\/saint-etienne\/fou-de-food\/"},{"@type":"ListItem","position":3,"name":"KISHMISH ZARDAK"}]},{"@type":"WebSite","@id":"https:\/\/lacommune.co\/saint-etienne\/#website","url":"https:\/\/lacommune.co\/saint-etienne\/","name":"LA COMMUNE","description":"LYON","publisher":{"@id":"https:\/\/lacommune.co\/saint-etienne\/#organization"},"potentialAction":[{"@type":"SearchAction","target":{"@type":"EntryPoint","urlTemplate":"https:\/\/lacommune.co\/saint-etienne\/?s={search_term_string}"},"query-input":{"@type":"PropertyValueSpecification","valueRequired":true,"valueName":"search_term_string"}}],"inLanguage":"fr-FR"},{"@type":"Organization","@id":"https:\/\/lacommune.co\/saint-etienne\/#organization","name":"LA COMMUNE","url":"https:\/\/lacommune.co\/saint-etienne\/","logo":{"@type":"ImageObject","inLanguage":"fr-FR","@id":"https:\/\/lacommune.co\/saint-etienne\/#\/schema\/logo\/image\/","url":"https:\/\/lacommune.co\/saint-etienne\/wp-content\/uploads\/2021\/06\/lacommunelogo-1.svg","contentUrl":"https:\/\/lacommune.co\/saint-etienne\/wp-content\/uploads\/2021\/06\/lacommunelogo-1.svg","width":"1","height":"1","caption":"LA COMMUNE"},"image":{"@id":"https:\/\/lacommune.co\/saint-etienne\/#\/schema\/logo\/image\/"},"sameAs":["https:\/\/www.facebook.com\/lacommuneentrezlibres\/","https:\/\/www.instagram.com\/lacommuneentrezlibres\/","https:\/\/www.linkedin.com\/company\/lacommune-entrezlibres\/"]}]}},"_links":{"self":[{"href":"https:\/\/lacommune.co\/saint-etienne\/wp-json\/wp\/v2\/pages\/35016","targetHints":{"allow":["GET"]}}],"collection":[{"href":"https:\/\/lacommune.co\/saint-etienne\/wp-json\/wp\/v2\/pages"}],"about":[{"href":"https:\/\/lacommune.co\/saint-etienne\/wp-json\/wp\/v2\/types\/page"}],"author":[{"embeddable":true,"href":"https:\/\/lacommune.co\/saint-etienne\/wp-json\/wp\/v2\/users\/2"}],"replies":[{"embeddable":true,"href":"https:\/\/lacommune.co\/saint-etienne\/wp-json\/wp\/v2\/comments?post=35016"}],"version-history":[{"count":7,"href":"https:\/\/lacommune.co\/saint-etienne\/wp-json\/wp\/v2\/pages\/35016\/revisions"}],"predecessor-version":[{"id":37622,"href":"https:\/\/lacommune.co\/saint-etienne\/wp-json\/wp\/v2\/pages\/35016\/revisions\/37622"}],"up":[{"embeddable":true,"href":"https:\/\/lacommune.co\/saint-etienne\/wp-json\/wp\/v2\/pages\/34781"}],"wp:attachment":[{"href":"https:\/\/lacommune.co\/saint-etienne\/wp-json\/wp\/v2\/media?parent=35016"}],"curies":[{"name":"wp","href":"https:\/\/api.w.org\/{rel}","templated":true}]}}