{"id":35289,"date":"2024-09-18T09:28:14","date_gmt":"2024-09-18T07:28:14","guid":{"rendered":"https:\/\/lacommune.co\/saint-etienne\/?page_id=35289"},"modified":"2024-09-27T18:19:42","modified_gmt":"2024-09-27T16:19:42","slug":"faq-lacommune","status":"publish","type":"page","link":"https:\/\/lacommune.co\/saint-etienne\/faq-lacommune\/","title":{"rendered":"FAQ"},"content":{"rendered":"<div class=\"wpb-content-wrapper\"><p>[vc_row row_height_percent=&#8221;0&#8243; override_padding=&#8221;yes&#8221; h_padding=&#8221;2&#8243; top_padding=&#8221;4&#8243; bottom_padding=&#8221;4&#8243; overlay_alpha=&#8221;50&#8243; gutter_size=&#8221;3&#8243; column_width_percent=&#8221;100&#8243; shift_y=&#8221;0&#8243; z_index=&#8221;0&#8243; content_parallax=&#8221;0&#8243; uncode_shortcode_id=&#8221;187586&#8243;][vc_column width=&#8221;1\/1&#8243;][vc_row_inner][vc_column_inner column_width_percent=&#8221;100&#8243; align_horizontal=&#8221;align_center&#8221; gutter_size=&#8221;3&#8243; overlay_alpha=&#8221;50&#8243; shift_x=&#8221;0&#8243; shift_y=&#8221;0&#8243; shift_y_down=&#8221;0&#8243; z_index=&#8221;0&#8243; medium_width=&#8221;0&#8243; mobile_width=&#8221;0&#8243; width=&#8221;1\/1&#8243; uncode_shortcode_id=&#8221;194821&#8243;][vc_custom_heading heading_semantic=&#8221;h1&#8243; text_font=&#8221;font-956804&#8243; text_size=&#8221;h1&#8243; uncode_shortcode_id=&#8221;199070&#8243;]FAQ[\/vc_custom_heading][\/vc_column_inner][\/vc_row_inner][vc_accordion history=&#8221;yes&#8221; no_toggle=&#8221;yes&#8221; no_lazy=&#8221;yes&#8221; typography=&#8221;advanced&#8221; sign=&#8221;plus&#8221; label_border=&#8221;yes&#8221; content_border=&#8221;yes&#8221; gutter_simple=&#8221;0&#8243; titles_font=&#8221;font-536795&#8243; titles_size=&#8221;h6&#8243; titles_weight=&#8221;800&#8243; titles_transform=&#8221;uppercase&#8221; uncode_shortcode_id=&#8221;138729&#8243; active_tab=&#8221;0&#8243; el_class=&#8221;more-q&#8221;][vc_accordion_tab gutter_size=&#8221;2&#8243; column_padding=&#8221;2&#8243; title=&#8221;Qu&#8217;est-ce que La Commune ? &#8221; tab_id=&#8221;1715859071-1-7017199229993021726644491900&#8243;][vc_column_text uncode_shortcode_id=&#8221;196880&#8243;]La Commune est un food court unique \u00e0 Lyon et un incubateur culinaire, qui rassemble plusieurs jeunes chefs souhaitant ouvrir leur premier restaurant. C\u2019est un lieu convivial o\u00f9 vous pouvez d\u00e9guster des plats de qualit\u00e9 dans une ambiance d\u00e9contract\u00e9e.<\/p>\n<p>La Commune est aussi dot\u00e9 d&#8217;un bar convivial, avec une s\u00e9lection rigoureuse de boissons et une \u00e9quipe chaleureuse, nous vous garantissons un moment hors du temps ![\/vc_column_text][\/vc_accordion_tab][vc_accordion_tab gutter_size=&#8221;2&#8243; column_padding=&#8221;2&#8243; title=&#8221;O\u00f9 est situ\u00e9e La Commune&#8221; tab_id=&#8221;1715859071-2-5517199229993021726644491900&#8243;][vc_column_text uncode_shortcode_id=&#8221;100267&#8243;]Nous sommes situ\u00e9s au c\u0153ur de Lyon, au 3 Rue du Pr\u00e9 Gaudry, dans le 7\u00e8me arrondissement.[\/vc_column_text][\/vc_accordion_tab][vc_accordion_tab gutter_size=&#8221;2&#8243; column_padding=&#8221;2&#8243; title=&#8221;Est-ce que je peux r\u00e9server une table ?&#8221; tab_id=&#8221;1715859215682-2-017199229993021726644491900&#8243;][vc_column_text uncode_shortcode_id=&#8221;191938&#8243;]Nous fonctionnons principalement sans r\u00e9servation afin de maintenir une ambiance fluide et conviviale. Cependant, nous prenons les r\u00e9servations \u00e0 partir de 20 personnes via hello@lacommune.co (nous ne faisons pas d&#8217;exceptions en dessous)<br \/>\nA partir de 50 personnes nous sommes sur de la privatisation d&#8217;espace : commercial@lacommune.co.[\/vc_column_text][\/vc_accordion_tab][vc_accordion_tab gutter_size=&#8221;2&#8243; column_padding=&#8221;2&#8243; title=&#8221;Les chiens sont-ils accept\u00e9s ? &#8221; tab_id=&#8221;1715859239302-3-817199229993021726644491900&#8243;][vc_column_text uncode_shortcode_id=&#8221;195441&#8243;]Les chiens sont bien \u00e9videmment accept\u00e9s. Nous vous demandons simplement de les garder en laisse.[\/vc_column_text][\/vc_accordion_tab][vc_accordion_tab gutter_size=&#8221;2&#8243; column_padding=&#8221;2&#8243; title=&#8221;Engag\u00e9e envers la communaut\u00e9 et l\u2019entrepreneuriat&#8221; tab_id=&#8221;1715859258818-4-517199229993021726644491900&#8243;][vc_column_text uncode_shortcode_id=&#8221;755426&#8243;]L&#8217;engagement de La Commune envers l&#8217;innovation se refl\u00e8te dans sa d\u00e9marche \u00e9co responsable et son soutien aux petits producteurs et cr\u00e9ateurs culinaires. Chaque visite est une opportunit\u00e9 de d\u00e9couvrir et de soutenir le tissu \u00e9conomique local tout en profitant d&#8217;une offre gastronomique riche et vari\u00e9e.[\/vc_column_text][\/vc_accordion_tab][\/vc_accordion][\/vc_column][\/vc_row]<\/p>\n<\/div>","protected":false},"excerpt":{"rendered":"<p>[vc_row row_height_percent=&#8221;0&#8243; override_padding=&#8221;yes&#8221; h_padding=&#8221;2&#8243; top_padding=&#8221;4&#8243; bottom_padding=&#8221;4&#8243; overlay_alpha=&#8221;50&#8243; gutter_size=&#8221;3&#8243; column_width_percent=&#8221;100&#8243; shift_y=&#8221;0&#8243; z_index=&#8221;0&#8243; content_parallax=&#8221;0&#8243; uncode_shortcode_id=&#8221;187586&#8243;][vc_column width=&#8221;1\/1&#8243;][vc_row_inner][vc_column_inner column_width_percent=&#8221;100&#8243; align_horizontal=&#8221;align_center&#8221; gutter_size=&#8221;3&#8243; overlay_alpha=&#8221;50&#8243; shift_x=&#8221;0&#8243; shift_y=&#8221;0&#8243; [&hellip;]<\/p>\n","protected":false},"author":1,"featured_media":0,"parent":0,"menu_order":0,"comment_status":"closed","ping_status":"closed","template":"","meta":{"_acf_changed":false,"_monsterinsights_skip_tracking":false,"_monsterinsights_sitenote_active":false,"_monsterinsights_sitenote_note":"","_monsterinsights_sitenote_category":0,"footnotes":""},"class_list":["post-35289","page","type-page","status-publish","hentry"],"acf":[],"yoast_head":"<!-- This site is optimized with the Yoast SEO plugin v27.3 - https:\/\/yoast.com\/product\/yoast-seo-wordpress\/ -->\n<title>faq-lacommune<\/title>\n<meta name=\"description\" content=\"D\u00e9couvrez la FAQ de La Commune, le food court de Lyon : horaires, cuisines, options v\u00e9g\u00e9tariennes, \u00e9v\u00e9nements, et plus. Trouvez r\u00e9ponse \u00e0 vos questions !\" \/>\n<meta name=\"robots\" content=\"index, follow, max-snippet:-1, max-image-preview:large, max-video-preview:-1\" \/>\n<link rel=\"canonical\" href=\"https:\/\/lacommune.co\/saint-etienne\/faq-lacommune\/\" \/>\n<meta property=\"og:locale\" content=\"fr_FR\" \/>\n<meta property=\"og:type\" content=\"article\" \/>\n<meta property=\"og:title\" content=\"faq-lacommune\" \/>\n<meta property=\"og:description\" content=\"D\u00e9couvrez la FAQ de La Commune, le food court de Lyon : horaires, cuisines, options v\u00e9g\u00e9tariennes, \u00e9v\u00e9nements, et plus. Trouvez r\u00e9ponse \u00e0 vos questions !\" \/>\n<meta property=\"og:url\" content=\"https:\/\/lacommune.co\/saint-etienne\/faq-lacommune\/\" \/>\n<meta property=\"og:site_name\" content=\"LA COMMUNE\" \/>\n<meta property=\"article:publisher\" content=\"https:\/\/www.facebook.com\/lacommuneentrezlibres\/\" \/>\n<meta property=\"article:modified_time\" content=\"2024-09-27T16:19:42+00:00\" \/>\n<meta property=\"og:image\" content=\"https:\/\/lacommune.co\/saint-etienne\/wp-content\/uploads\/2021\/12\/screenshot-2021-12-14-a\u0300-00.23.53-scaled.png\" \/>\n\t<meta property=\"og:image:width\" content=\"2560\" \/>\n\t<meta property=\"og:image:height\" content=\"1389\" \/>\n\t<meta property=\"og:image:type\" content=\"image\/png\" \/>\n<meta name=\"twitter:card\" content=\"summary_large_image\" \/>\n<meta name=\"twitter:label1\" content=\"Dur\u00e9e de lecture estim\u00e9e\" \/>\n\t<meta name=\"twitter:data1\" content=\"2 minutes\" \/>\n<!-- \/ Yoast SEO plugin. -->","yoast_head_json":{"title":"faq-lacommune","description":"D\u00e9couvrez la FAQ de La Commune, le food court de Lyon : horaires, cuisines, options v\u00e9g\u00e9tariennes, \u00e9v\u00e9nements, et plus. Trouvez r\u00e9ponse \u00e0 vos questions !","robots":{"index":"index","follow":"follow","max-snippet":"max-snippet:-1","max-image-preview":"max-image-preview:large","max-video-preview":"max-video-preview:-1"},"canonical":"https:\/\/lacommune.co\/saint-etienne\/faq-lacommune\/","og_locale":"fr_FR","og_type":"article","og_title":"faq-lacommune","og_description":"D\u00e9couvrez la FAQ de La Commune, le food court de Lyon : horaires, cuisines, options v\u00e9g\u00e9tariennes, \u00e9v\u00e9nements, et plus. Trouvez r\u00e9ponse \u00e0 vos questions !","og_url":"https:\/\/lacommune.co\/saint-etienne\/faq-lacommune\/","og_site_name":"LA COMMUNE","article_publisher":"https:\/\/www.facebook.com\/lacommuneentrezlibres\/","article_modified_time":"2024-09-27T16:19:42+00:00","og_image":[{"width":2560,"height":1389,"url":"https:\/\/lacommune.co\/saint-etienne\/wp-content\/uploads\/2021\/12\/screenshot-2021-12-14-a\u0300-00.23.53-scaled.png","type":"image\/png"}],"twitter_card":"summary_large_image","twitter_misc":{"Dur\u00e9e de lecture estim\u00e9e":"2 minutes"},"schema":{"@context":"https:\/\/schema.org","@graph":[{"@type":"WebPage","@id":"https:\/\/lacommune.co\/saint-etienne\/faq-lacommune\/","url":"https:\/\/lacommune.co\/saint-etienne\/faq-lacommune\/","name":"faq-lacommune","isPartOf":{"@id":"https:\/\/lacommune.co\/saint-etienne\/#website"},"datePublished":"2024-09-18T07:28:14+00:00","dateModified":"2024-09-27T16:19:42+00:00","description":"D\u00e9couvrez la FAQ de La Commune, le food court de Lyon : horaires, cuisines, options v\u00e9g\u00e9tariennes, \u00e9v\u00e9nements, et plus. Trouvez r\u00e9ponse \u00e0 vos questions !","breadcrumb":{"@id":"https:\/\/lacommune.co\/saint-etienne\/faq-lacommune\/#breadcrumb"},"inLanguage":"fr-FR","potentialAction":[{"@type":"ReadAction","target":["https:\/\/lacommune.co\/saint-etienne\/faq-lacommune\/"]}]},{"@type":"BreadcrumbList","@id":"https:\/\/lacommune.co\/saint-etienne\/faq-lacommune\/#breadcrumb","itemListElement":[{"@type":"ListItem","position":1,"name":"Accueil","item":"https:\/\/lacommune.co\/saint-etienne\/"},{"@type":"ListItem","position":2,"name":"FAQ"}]},{"@type":"WebSite","@id":"https:\/\/lacommune.co\/saint-etienne\/#website","url":"https:\/\/lacommune.co\/saint-etienne\/","name":"LA COMMUNE","description":"LYON","publisher":{"@id":"https:\/\/lacommune.co\/saint-etienne\/#organization"},"potentialAction":[{"@type":"SearchAction","target":{"@type":"EntryPoint","urlTemplate":"https:\/\/lacommune.co\/saint-etienne\/?s={search_term_string}"},"query-input":{"@type":"PropertyValueSpecification","valueRequired":true,"valueName":"search_term_string"}}],"inLanguage":"fr-FR"},{"@type":"Organization","@id":"https:\/\/lacommune.co\/saint-etienne\/#organization","name":"LA COMMUNE","url":"https:\/\/lacommune.co\/saint-etienne\/","logo":{"@type":"ImageObject","inLanguage":"fr-FR","@id":"https:\/\/lacommune.co\/saint-etienne\/#\/schema\/logo\/image\/","url":"https:\/\/lacommune.co\/saint-etienne\/wp-content\/uploads\/2021\/06\/lacommunelogo-1.svg","contentUrl":"https:\/\/lacommune.co\/saint-etienne\/wp-content\/uploads\/2021\/06\/lacommunelogo-1.svg","width":"1","height":"1","caption":"LA COMMUNE"},"image":{"@id":"https:\/\/lacommune.co\/saint-etienne\/#\/schema\/logo\/image\/"},"sameAs":["https:\/\/www.facebook.com\/lacommuneentrezlibres\/","https:\/\/www.instagram.com\/lacommuneentrezlibres\/","https:\/\/www.linkedin.com\/company\/lacommune-entrezlibres\/"]}]}},"_links":{"self":[{"href":"https:\/\/lacommune.co\/saint-etienne\/wp-json\/wp\/v2\/pages\/35289","targetHints":{"allow":["GET"]}}],"collection":[{"href":"https:\/\/lacommune.co\/saint-etienne\/wp-json\/wp\/v2\/pages"}],"about":[{"href":"https:\/\/lacommune.co\/saint-etienne\/wp-json\/wp\/v2\/types\/page"}],"author":[{"embeddable":true,"href":"https:\/\/lacommune.co\/saint-etienne\/wp-json\/wp\/v2\/users\/1"}],"replies":[{"embeddable":true,"href":"https:\/\/lacommune.co\/saint-etienne\/wp-json\/wp\/v2\/comments?post=35289"}],"version-history":[{"count":4,"href":"https:\/\/lacommune.co\/saint-etienne\/wp-json\/wp\/v2\/pages\/35289\/revisions"}],"predecessor-version":[{"id":35377,"href":"https:\/\/lacommune.co\/saint-etienne\/wp-json\/wp\/v2\/pages\/35289\/revisions\/35377"}],"wp:attachment":[{"href":"https:\/\/lacommune.co\/saint-etienne\/wp-json\/wp\/v2\/media?parent=35289"}],"curies":[{"name":"wp","href":"https:\/\/api.w.org\/{rel}","templated":true}]}}