{"id":36313,"date":"2025-02-03T17:47:05","date_gmt":"2025-02-03T16:47:05","guid":{"rendered":"https:\/\/lacommune.co\/saint-etienne\/?page_id=36313"},"modified":"2025-06-05T16:34:52","modified_gmt":"2025-06-05T14:34:52","slug":"bistrorama","status":"publish","type":"page","link":"https:\/\/lacommune.co\/saint-etienne\/fou-de-food\/bistrorama\/","title":{"rendered":"BISTRORAMA"},"content":{"rendered":"<div class=\"wpb-content-wrapper\"><p>[vc_row unlock_row_content=&#8221;yes&#8221; row_height_percent=&#8221;80&#8243; override_padding=&#8221;yes&#8221; h_padding=&#8221;0&#8243; top_padding=&#8221;0&#8243; bottom_padding=&#8221;2&#8243; back_image=&#8221;36314&#8243; overlay_color=&#8221;color-jevc&#8221; overlay_alpha=&#8221;18&#8243; gutter_size=&#8221;3&#8243; column_width_percent=&#8221;100&#8243; shift_y=&#8221;0&#8243; z_index=&#8221;0&#8243; content_parallax=&#8221;0&#8243; uncode_shortcode_id=&#8221;126235&#8243; overlay_color_type=&#8221;uncode-palette&#8221;][vc_column column_width_percent=&#8221;100&#8243; position_vertical=&#8221;bottom&#8221; align_horizontal=&#8221;align_center&#8221; gutter_size=&#8221;3&#8243; style=&#8221;dark&#8221; overlay_alpha=&#8221;50&#8243; shift_x=&#8221;0&#8243; shift_y=&#8221;0&#8243; shift_y_down=&#8221;0&#8243; z_index=&#8221;0&#8243; medium_width=&#8221;0&#8243; mobile_width=&#8221;0&#8243; width=&#8221;1\/1&#8243; uncode_shortcode_id=&#8221;578020&#8243; mobile_height=&#8221;600&#8243;][vc_custom_heading auto_text=&#8221;yes&#8221; heading_semantic=&#8221;h1&#8243; text_font=&#8221;font-956804&#8243; text_size=&#8221;h1&#8243; uncode_shortcode_id=&#8221;100488&#8243;]This is a custom heading element.[\/vc_custom_heading][\/vc_column][\/vc_row][vc_row row_height_percent=&#8221;0&#8243; override_padding=&#8221;yes&#8221; h_padding=&#8221;2&#8243; top_padding=&#8221;4&#8243; bottom_padding=&#8221;4&#8243; overlay_alpha=&#8221;50&#8243; gutter_size=&#8221;3&#8243; column_width_percent=&#8221;100&#8243; shift_y=&#8221;0&#8243; z_index=&#8221;0&#8243; uncode_shortcode_id=&#8221;103024&#8243;][vc_column column_width_percent=&#8221;53&#8243; position_vertical=&#8221;middle&#8221; align_horizontal=&#8221;align_center&#8221; gutter_size=&#8221;3&#8243; overlay_alpha=&#8221;50&#8243; shift_x=&#8221;0&#8243; shift_y=&#8221;0&#8243; shift_y_down=&#8221;0&#8243; z_index=&#8221;0&#8243; medium_width=&#8221;0&#8243; mobile_width=&#8221;0&#8243; width=&#8221;1\/1&#8243; uncode_shortcode_id=&#8221;840141&#8243;][vc_custom_heading text_font=&#8221;font-956804&#8243; uncode_shortcode_id=&#8221;592142&#8243;]Cuisine du march\u00e9 d\u00e9licate mais gourmande ![\/vc_custom_heading][vc_column_text uncode_shortcode_id=&#8221;103615&#8243;]C\u2019est l\u2019histoire d\u2019une gamine brinquebal\u00e9e entre les grandes maisons \u00e9toil\u00e9es o\u00f9 l\u2019entra\u00eenent sa m\u00e8re dr\u00f4moise, la Mireille (!) aka Mimi, et son p\u00e8re bearno-gascon, los Michelos aka \u00ab le confit fluffy \u00bb et le restau U de la fac de droit.<\/p>\n<p>Elle poursuit son apprentissage culinaire sur le Curry Miles de Manchester et sur le zinc des food carts new yorkais. C\u2019est ce melting pot gastronomique mix\u00e9 \u00e0 la sauce Brit pop qui fait aujourd\u2019hui l\u2019essence de Bistrorama. Apr\u00e8s une carri\u00e8re de juriste, bien loin des sc\u00e8nes rocks et de la street food, L\u00e9onie se reconvertie dans la cuisine et la p\u00e2tisserie IG bas \u00ab impos\u00e9e \u00bb par un mari diab\u00e9tique. Apr\u00e8s une ann\u00e9e \u00e0 La Commune le nez dans la farine et les fonds de tarte, elle d\u00e9cide de revenir (I\u2019m back baby !) pour s\u2019orienter vers la restauration. Alors laissez vous tenter par un petit voyage sur la plan\u00e8te Bistrorama pour y d\u00e9guster soit une cuisine de march\u00e9 avec le menu du jour, soit une planche r\u00e9gionale \u00e0 partager, soit un sandwich qui vous propulsera \u00e0 Time Square.[\/vc_column_text][vc_empty_space empty_h=&#8221;1&#8243;][vc_button border_width=&#8221;0&#8243; display=&#8221;inline&#8221; inline_mobile=&#8221;yes&#8221; top_margin=&#8221;yes&#8221; uncode_shortcode_id=&#8221;420701&#8243; link=&#8221;url:https%3A%2F%2Flacommune.co%2Fsaint-etienne%2Fmenu-restaurant%2Frestaurant-bistrorama%2F&#8221;]MENU[\/vc_button][vc_button border_width=&#8221;0&#8243; display=&#8221;inline&#8221; inline_mobile=&#8221;yes&#8221; top_margin=&#8221;yes&#8221; uncode_shortcode_id=&#8221;101312&#8243; link=&#8221;url:https%3A%2F%2Fwww.instagram.com%2Fbistrorama_l_indice_gourmand_%2F&#8221;]INSTA[\/vc_button][\/vc_column][\/vc_row][vc_row unlock_row_content=&#8221;yes&#8221; row_height_percent=&#8221;0&#8243; overlay_alpha=&#8221;50&#8243; gutter_size=&#8221;3&#8243; column_width_percent=&#8221;100&#8243; shift_y=&#8221;0&#8243; z_index=&#8221;0&#8243; uncode_shortcode_id=&#8221;817641&#8243;][vc_column width=&#8221;1\/1&#8243;][vc_gallery el_id=&#8221;gallery-107530&#8243; type=&#8221;carousel&#8221; medias=&#8221;36597,36319,36321,36598,36599,36600,36601,36602&#8243; carousel_lg=&#8221;4&#8243; carousel_md=&#8221;3&#8243; carousel_sm=&#8221;2&#8243; thumb_size=&#8221;one-one&#8221; gutter_size=&#8221;2&#8243; media_items=&#8221;media|lightbox|original&#8221; carousel_interval=&#8221;3000&#8243; carousel_navspeed=&#8221;400&#8243; carousel_dots=&#8221;yes&#8221; carousel_dots_mobile=&#8221;yes&#8221; stage_padding=&#8221;0&#8243; single_overlay_opacity=&#8221;1&#8243; single_padding=&#8221;2&#8243; single_border=&#8221;yes&#8221; uncode_shortcode_id=&#8221;207838&#8243;][\/vc_column][\/vc_row]<\/p>\n<\/div>","protected":false},"excerpt":{"rendered":"<p>[vc_row unlock_row_content=&#8221;yes&#8221; row_height_percent=&#8221;80&#8243; override_padding=&#8221;yes&#8221; h_padding=&#8221;0&#8243; top_padding=&#8221;0&#8243; bottom_padding=&#8221;2&#8243; back_image=&#8221;36314&#8243; overlay_color=&#8221;color-jevc&#8221; overlay_alpha=&#8221;18&#8243; gutter_size=&#8221;3&#8243; column_width_percent=&#8221;100&#8243; shift_y=&#8221;0&#8243; z_index=&#8221;0&#8243; content_parallax=&#8221;0&#8243; uncode_shortcode_id=&#8221;126235&#8243; overlay_color_type=&#8221;uncode-palette&#8221;][vc_column column_width_percent=&#8221;100&#8243; position_vertical=&#8221;bottom&#8221; align_horizontal=&#8221;align_center&#8221; [&hellip;]<\/p>\n","protected":false},"author":2,"featured_media":0,"parent":34781,"menu_order":0,"comment_status":"closed","ping_status":"closed","template":"","meta":{"_acf_changed":false,"_monsterinsights_skip_tracking":false,"_monsterinsights_sitenote_active":false,"_monsterinsights_sitenote_note":"","_monsterinsights_sitenote_category":0,"footnotes":""},"class_list":["post-36313","page","type-page","status-publish","hentry"],"acf":[],"yoast_head":"<!-- This site is optimized with the Yoast SEO plugin v27.5 - https:\/\/yoast.com\/product\/yoast-seo-wordpress\/ -->\n<title>BISTRORAMA<\/title>\n<meta name=\"description\" content=\"Fr\u00e8re et s\u0153ur passionn\u00e9s, L\u00e9onie et Christophe cr\u00e9ent Bistrorama : une cuisine de march\u00e9 gourmande, entre street food, bistronomie et gastronomie.\" \/>\n<meta name=\"robots\" content=\"index, follow, max-snippet:-1, max-image-preview:large, max-video-preview:-1\" \/>\n<link rel=\"canonical\" href=\"https:\/\/lacommune.co\/saint-etienne\/fou-de-food\/bistrorama\/\" \/>\n<meta property=\"og:locale\" content=\"fr_FR\" \/>\n<meta property=\"og:type\" content=\"article\" \/>\n<meta property=\"og:title\" content=\"BISTRORAMA\" \/>\n<meta property=\"og:description\" content=\"Fr\u00e8re et s\u0153ur passionn\u00e9s, L\u00e9onie et Christophe cr\u00e9ent Bistrorama : une cuisine de march\u00e9 gourmande, entre street food, bistronomie et gastronomie.\" \/>\n<meta property=\"og:url\" content=\"https:\/\/lacommune.co\/saint-etienne\/fou-de-food\/bistrorama\/\" \/>\n<meta property=\"og:site_name\" content=\"LA COMMUNE\" \/>\n<meta property=\"article:publisher\" content=\"https:\/\/www.facebook.com\/lacommuneentrezlibres\/\" \/>\n<meta property=\"article:modified_time\" content=\"2025-06-05T14:34:52+00:00\" \/>\n<meta property=\"og:image\" content=\"https:\/\/lacommune.co\/saint-etienne\/wp-content\/uploads\/2021\/12\/screenshot-2021-12-14-a\u0300-00.23.53-scaled.png\" \/>\n\t<meta property=\"og:image:width\" content=\"2560\" \/>\n\t<meta property=\"og:image:height\" content=\"1389\" \/>\n\t<meta property=\"og:image:type\" content=\"image\/png\" \/>\n<meta name=\"twitter:card\" content=\"summary_large_image\" \/>\n<meta name=\"twitter:label1\" content=\"Dur\u00e9e de lecture estim\u00e9e\" \/>\n\t<meta name=\"twitter:data1\" content=\"2 minutes\" \/>\n<!-- \/ Yoast SEO plugin. -->","yoast_head_json":{"title":"BISTRORAMA","description":"Fr\u00e8re et s\u0153ur passionn\u00e9s, L\u00e9onie et Christophe cr\u00e9ent Bistrorama : une cuisine de march\u00e9 gourmande, entre street food, bistronomie et gastronomie.","robots":{"index":"index","follow":"follow","max-snippet":"max-snippet:-1","max-image-preview":"max-image-preview:large","max-video-preview":"max-video-preview:-1"},"canonical":"https:\/\/lacommune.co\/saint-etienne\/fou-de-food\/bistrorama\/","og_locale":"fr_FR","og_type":"article","og_title":"BISTRORAMA","og_description":"Fr\u00e8re et s\u0153ur passionn\u00e9s, L\u00e9onie et Christophe cr\u00e9ent Bistrorama : une cuisine de march\u00e9 gourmande, entre street food, bistronomie et gastronomie.","og_url":"https:\/\/lacommune.co\/saint-etienne\/fou-de-food\/bistrorama\/","og_site_name":"LA COMMUNE","article_publisher":"https:\/\/www.facebook.com\/lacommuneentrezlibres\/","article_modified_time":"2025-06-05T14:34:52+00:00","og_image":[{"width":2560,"height":1389,"url":"https:\/\/lacommune.co\/saint-etienne\/wp-content\/uploads\/2021\/12\/screenshot-2021-12-14-a\u0300-00.23.53-scaled.png","type":"image\/png"}],"twitter_card":"summary_large_image","twitter_misc":{"Dur\u00e9e de lecture estim\u00e9e":"2 minutes"},"schema":{"@context":"https:\/\/schema.org","@graph":[{"@type":"WebPage","@id":"https:\/\/lacommune.co\/saint-etienne\/fou-de-food\/bistrorama\/","url":"https:\/\/lacommune.co\/saint-etienne\/fou-de-food\/bistrorama\/","name":"BISTRORAMA","isPartOf":{"@id":"https:\/\/lacommune.co\/saint-etienne\/#website"},"datePublished":"2025-02-03T16:47:05+00:00","dateModified":"2025-06-05T14:34:52+00:00","description":"Fr\u00e8re et s\u0153ur passionn\u00e9s, L\u00e9onie et Christophe cr\u00e9ent Bistrorama : une cuisine de march\u00e9 gourmande, entre street food, bistronomie et gastronomie.","breadcrumb":{"@id":"https:\/\/lacommune.co\/saint-etienne\/fou-de-food\/bistrorama\/#breadcrumb"},"inLanguage":"fr-FR","potentialAction":[{"@type":"ReadAction","target":["https:\/\/lacommune.co\/saint-etienne\/fou-de-food\/bistrorama\/"]}]},{"@type":"BreadcrumbList","@id":"https:\/\/lacommune.co\/saint-etienne\/fou-de-food\/bistrorama\/#breadcrumb","itemListElement":[{"@type":"ListItem","position":1,"name":"Accueil","item":"https:\/\/lacommune.co\/saint-etienne\/"},{"@type":"ListItem","position":2,"name":"Food Court \u00e0 Saint-Etienne : La Commune votre incubateur culinaire","item":"https:\/\/lacommune.co\/saint-etienne\/fou-de-food\/"},{"@type":"ListItem","position":3,"name":"BISTRORAMA"}]},{"@type":"WebSite","@id":"https:\/\/lacommune.co\/saint-etienne\/#website","url":"https:\/\/lacommune.co\/saint-etienne\/","name":"LA COMMUNE","description":"LYON","publisher":{"@id":"https:\/\/lacommune.co\/saint-etienne\/#organization"},"potentialAction":[{"@type":"SearchAction","target":{"@type":"EntryPoint","urlTemplate":"https:\/\/lacommune.co\/saint-etienne\/?s={search_term_string}"},"query-input":{"@type":"PropertyValueSpecification","valueRequired":true,"valueName":"search_term_string"}}],"inLanguage":"fr-FR"},{"@type":"Organization","@id":"https:\/\/lacommune.co\/saint-etienne\/#organization","name":"LA COMMUNE","url":"https:\/\/lacommune.co\/saint-etienne\/","logo":{"@type":"ImageObject","inLanguage":"fr-FR","@id":"https:\/\/lacommune.co\/saint-etienne\/#\/schema\/logo\/image\/","url":"https:\/\/lacommune.co\/saint-etienne\/wp-content\/uploads\/2021\/06\/lacommunelogo-1.svg","contentUrl":"https:\/\/lacommune.co\/saint-etienne\/wp-content\/uploads\/2021\/06\/lacommunelogo-1.svg","width":"1","height":"1","caption":"LA COMMUNE"},"image":{"@id":"https:\/\/lacommune.co\/saint-etienne\/#\/schema\/logo\/image\/"},"sameAs":["https:\/\/www.facebook.com\/lacommuneentrezlibres\/","https:\/\/www.instagram.com\/lacommuneentrezlibres\/","https:\/\/www.linkedin.com\/company\/lacommune-entrezlibres\/"]}]}},"_links":{"self":[{"href":"https:\/\/lacommune.co\/saint-etienne\/wp-json\/wp\/v2\/pages\/36313","targetHints":{"allow":["GET"]}}],"collection":[{"href":"https:\/\/lacommune.co\/saint-etienne\/wp-json\/wp\/v2\/pages"}],"about":[{"href":"https:\/\/lacommune.co\/saint-etienne\/wp-json\/wp\/v2\/types\/page"}],"author":[{"embeddable":true,"href":"https:\/\/lacommune.co\/saint-etienne\/wp-json\/wp\/v2\/users\/2"}],"replies":[{"embeddable":true,"href":"https:\/\/lacommune.co\/saint-etienne\/wp-json\/wp\/v2\/comments?post=36313"}],"version-history":[{"count":7,"href":"https:\/\/lacommune.co\/saint-etienne\/wp-json\/wp\/v2\/pages\/36313\/revisions"}],"predecessor-version":[{"id":37617,"href":"https:\/\/lacommune.co\/saint-etienne\/wp-json\/wp\/v2\/pages\/36313\/revisions\/37617"}],"up":[{"embeddable":true,"href":"https:\/\/lacommune.co\/saint-etienne\/wp-json\/wp\/v2\/pages\/34781"}],"wp:attachment":[{"href":"https:\/\/lacommune.co\/saint-etienne\/wp-json\/wp\/v2\/media?parent=36313"}],"curies":[{"name":"wp","href":"https:\/\/api.w.org\/{rel}","templated":true}]}}