{"id":39752,"date":"2026-02-19T12:59:51","date_gmt":"2026-02-19T11:59:51","guid":{"rendered":"https:\/\/lacommune.co\/saint-etienne\/?page_id=39752"},"modified":"2026-02-19T12:59:51","modified_gmt":"2026-02-19T11:59:51","slug":"defense-de-fumer","status":"publish","type":"page","link":"https:\/\/lacommune.co\/saint-etienne\/fou-de-food\/defense-de-fumer\/","title":{"rendered":"D\u00e9fense de fumer"},"content":{"rendered":"<div class=\"wpb-content-wrapper\"><p>[vc_row unlock_row_content=&#8221;yes&#8221; row_height_percent=&#8221;80&#8243; override_padding=&#8221;yes&#8221; h_padding=&#8221;0&#8243; top_padding=&#8221;0&#8243; bottom_padding=&#8221;2&#8243; back_image=&#8221;39753&#8243; overlay_color=&#8221;color-jevc&#8221; overlay_alpha=&#8221;18&#8243; gutter_size=&#8221;3&#8243; column_width_percent=&#8221;100&#8243; shift_y=&#8221;0&#8243; z_index=&#8221;0&#8243; content_parallax=&#8221;0&#8243; uncode_shortcode_id=&#8221;991144&#8243; overlay_color_type=&#8221;uncode-palette&#8221;][vc_column column_width_percent=&#8221;100&#8243; position_vertical=&#8221;bottom&#8221; align_horizontal=&#8221;align_center&#8221; gutter_size=&#8221;3&#8243; style=&#8221;dark&#8221; overlay_alpha=&#8221;50&#8243; shift_x=&#8221;0&#8243; shift_y=&#8221;0&#8243; shift_y_down=&#8221;0&#8243; z_index=&#8221;0&#8243; medium_width=&#8221;0&#8243; mobile_width=&#8221;0&#8243; width=&#8221;1\/1&#8243; uncode_shortcode_id=&#8221;180666&#8243; mobile_height=&#8221;600&#8243;][vc_custom_heading auto_text=&#8221;yes&#8221; heading_semantic=&#8221;h1&#8243; text_font=&#8221;font-956804&#8243; text_size=&#8221;h1&#8243; uncode_shortcode_id=&#8221;100488&#8243;]This is a custom heading element.[\/vc_custom_heading][\/vc_column][\/vc_row][vc_row row_height_percent=&#8221;0&#8243; override_padding=&#8221;yes&#8221; h_padding=&#8221;2&#8243; top_padding=&#8221;4&#8243; bottom_padding=&#8221;4&#8243; overlay_alpha=&#8221;50&#8243; gutter_size=&#8221;3&#8243; column_width_percent=&#8221;100&#8243; shift_y=&#8221;0&#8243; z_index=&#8221;0&#8243; uncode_shortcode_id=&#8221;103024&#8243;][vc_column column_width_percent=&#8221;53&#8243; position_vertical=&#8221;middle&#8221; align_horizontal=&#8221;align_center&#8221; gutter_size=&#8221;3&#8243; overlay_alpha=&#8221;50&#8243; shift_x=&#8221;0&#8243; shift_y=&#8221;0&#8243; shift_y_down=&#8221;0&#8243; z_index=&#8221;0&#8243; medium_width=&#8221;0&#8243; mobile_width=&#8221;0&#8243; width=&#8221;1\/1&#8243; uncode_shortcode_id=&#8221;840141&#8243;][vc_custom_heading text_font=&#8221;font-956804&#8243; uncode_shortcode_id=&#8221;390806&#8243;]Low &amp; slow baby![\/vc_custom_heading][vc_column_text uncode_shortcode_id=&#8221;159087&#8243;]Jean-Yves Scotto Di Vettimo, cr\u00e9atif et \u00e9picurien, a longtemps explor\u00e9 son inventivit\u00e9 dans le graphisme, apprenant \u00e0 imaginer et fa\u00e7onner des projets \u00e0 son image.<\/p>\n<p>Amateur de sauces piquantes, il transpose aujourd\u2019hui cette cr\u00e9ativit\u00e9 dans D\u00e9fense de Fumer, son projet de cuisine inspir\u00e9 par le barbecue texan au feu de bois avec des viandes lentement fum\u00e9es.<\/p>\n<p>Carte courte et maison : pulled pork, ribs, hot-dogs, accompagn\u00e9s de smashed potatoes ou coleslaw, avec des viandes s\u00e9lectionn\u00e9es localement. Une cuisine authentique, g\u00e9n\u00e9reuse et pleine de caract\u00e8re, o\u00f9 le temps fait toute la diff\u00e9rence.[\/vc_column_text][vc_empty_space empty_h=&#8221;1&#8243;][vc_button border_width=&#8221;0&#8243; display=&#8221;inline&#8221; inline_mobile=&#8221;yes&#8221; top_margin=&#8221;yes&#8221; uncode_shortcode_id=&#8221;123888&#8243; link=&#8221;url:https%3A%2F%2Flacommune.co%2Fsaint-etienne%2Fmenu-restaurant%2Frestaurant-defense-de-fumer%2F&#8221;]MENU[\/vc_button][vc_button border_width=&#8221;0&#8243; display=&#8221;inline&#8221; inline_mobile=&#8221;yes&#8221; top_margin=&#8221;yes&#8221; uncode_shortcode_id=&#8221;136549&#8243; link=&#8221;url:https%3A%2F%2Fwww.instagram.com%2Fdefensedefumer_bbq%2F&#8221;]INSTA[\/vc_button][\/vc_column][\/vc_row][vc_row unlock_row_content=&#8221;yes&#8221; row_height_percent=&#8221;0&#8243; overlay_alpha=&#8221;50&#8243; gutter_size=&#8221;3&#8243; column_width_percent=&#8221;100&#8243; shift_y=&#8221;0&#8243; z_index=&#8221;0&#8243; uncode_shortcode_id=&#8221;817641&#8243;][vc_column width=&#8221;1\/1&#8243;][vc_gallery el_id=&#8221;gallery-107530&#8243; type=&#8221;carousel&#8221; medias=&#8221;39754,39755,39756,39757,39758,39759,39760,39761,39762,39763&#8243; carousel_lg=&#8221;4&#8243; carousel_md=&#8221;3&#8243; carousel_sm=&#8221;2&#8243; thumb_size=&#8221;one-one&#8221; gutter_size=&#8221;2&#8243; media_items=&#8221;media|lightbox|original&#8221; carousel_interval=&#8221;3000&#8243; carousel_navspeed=&#8221;400&#8243; carousel_dots=&#8221;yes&#8221; carousel_dots_mobile=&#8221;yes&#8221; stage_padding=&#8221;0&#8243; single_overlay_opacity=&#8221;1&#8243; single_padding=&#8221;2&#8243; single_border=&#8221;yes&#8221; uncode_shortcode_id=&#8221;182773&#8243;][\/vc_column][\/vc_row]<\/p>\n<\/div>","protected":false},"excerpt":{"rendered":"<p>[vc_row unlock_row_content=&#8221;yes&#8221; row_height_percent=&#8221;80&#8243; override_padding=&#8221;yes&#8221; h_padding=&#8221;0&#8243; top_padding=&#8221;0&#8243; bottom_padding=&#8221;2&#8243; back_image=&#8221;39753&#8243; overlay_color=&#8221;color-jevc&#8221; overlay_alpha=&#8221;18&#8243; gutter_size=&#8221;3&#8243; column_width_percent=&#8221;100&#8243; shift_y=&#8221;0&#8243; z_index=&#8221;0&#8243; content_parallax=&#8221;0&#8243; uncode_shortcode_id=&#8221;991144&#8243; overlay_color_type=&#8221;uncode-palette&#8221;][vc_column column_width_percent=&#8221;100&#8243; position_vertical=&#8221;bottom&#8221; align_horizontal=&#8221;align_center&#8221; [&hellip;]<\/p>\n","protected":false},"author":2,"featured_media":0,"parent":34781,"menu_order":0,"comment_status":"closed","ping_status":"closed","template":"","meta":{"_acf_changed":false,"_monsterinsights_skip_tracking":false,"_monsterinsights_sitenote_active":false,"_monsterinsights_sitenote_note":"","_monsterinsights_sitenote_category":0,"footnotes":""},"class_list":["post-39752","page","type-page","status-publish","hentry"],"acf":[],"yoast_head":"<!-- This site is optimized with the Yoast SEO plugin v27.3 - https:\/\/yoast.com\/product\/yoast-seo-wordpress\/ -->\n<title>DEFENSE DE FUMER<\/title>\n<meta name=\"description\" content=\"D\u00e9fense de Fumer, restaurant de viandes en cuisson lente : pi\u00e8ces fondantes, saveurs fum\u00e9es et ambiance brute pour les amateurs de barbecue et de brais\u00e9.\" \/>\n<meta name=\"robots\" content=\"index, follow, max-snippet:-1, max-image-preview:large, max-video-preview:-1\" \/>\n<link rel=\"canonical\" href=\"https:\/\/lacommune.co\/saint-etienne\/fou-de-food\/defense-de-fumer\/\" \/>\n<meta property=\"og:locale\" content=\"fr_FR\" \/>\n<meta property=\"og:type\" content=\"article\" \/>\n<meta property=\"og:title\" content=\"DEFENSE DE FUMER\" \/>\n<meta property=\"og:description\" content=\"D\u00e9fense de Fumer, restaurant de viandes en cuisson lente : pi\u00e8ces fondantes, saveurs fum\u00e9es et ambiance brute pour les amateurs de barbecue et de brais\u00e9.\" \/>\n<meta property=\"og:url\" content=\"https:\/\/lacommune.co\/saint-etienne\/fou-de-food\/defense-de-fumer\/\" \/>\n<meta property=\"og:site_name\" content=\"LA COMMUNE\" \/>\n<meta property=\"article:publisher\" content=\"https:\/\/www.facebook.com\/lacommuneentrezlibres\/\" \/>\n<meta property=\"og:image\" content=\"https:\/\/lacommune.co\/saint-etienne\/wp-content\/uploads\/2021\/12\/screenshot-2021-12-14-a\u0300-00.23.53-scaled.png\" \/>\n\t<meta property=\"og:image:width\" content=\"2560\" \/>\n\t<meta property=\"og:image:height\" content=\"1389\" \/>\n\t<meta property=\"og:image:type\" content=\"image\/png\" \/>\n<meta name=\"twitter:card\" content=\"summary_large_image\" \/>\n<meta name=\"twitter:label1\" content=\"Dur\u00e9e de lecture estim\u00e9e\" \/>\n\t<meta name=\"twitter:data1\" content=\"2 minutes\" \/>\n<!-- \/ Yoast SEO plugin. -->","yoast_head_json":{"title":"DEFENSE DE FUMER","description":"D\u00e9fense de Fumer, restaurant de viandes en cuisson lente : pi\u00e8ces fondantes, saveurs fum\u00e9es et ambiance brute pour les amateurs de barbecue et de brais\u00e9.","robots":{"index":"index","follow":"follow","max-snippet":"max-snippet:-1","max-image-preview":"max-image-preview:large","max-video-preview":"max-video-preview:-1"},"canonical":"https:\/\/lacommune.co\/saint-etienne\/fou-de-food\/defense-de-fumer\/","og_locale":"fr_FR","og_type":"article","og_title":"DEFENSE DE FUMER","og_description":"D\u00e9fense de Fumer, restaurant de viandes en cuisson lente : pi\u00e8ces fondantes, saveurs fum\u00e9es et ambiance brute pour les amateurs de barbecue et de brais\u00e9.","og_url":"https:\/\/lacommune.co\/saint-etienne\/fou-de-food\/defense-de-fumer\/","og_site_name":"LA COMMUNE","article_publisher":"https:\/\/www.facebook.com\/lacommuneentrezlibres\/","og_image":[{"width":2560,"height":1389,"url":"https:\/\/lacommune.co\/saint-etienne\/wp-content\/uploads\/2021\/12\/screenshot-2021-12-14-a\u0300-00.23.53-scaled.png","type":"image\/png"}],"twitter_card":"summary_large_image","twitter_misc":{"Dur\u00e9e de lecture estim\u00e9e":"2 minutes"},"schema":{"@context":"https:\/\/schema.org","@graph":[{"@type":"WebPage","@id":"https:\/\/lacommune.co\/saint-etienne\/fou-de-food\/defense-de-fumer\/","url":"https:\/\/lacommune.co\/saint-etienne\/fou-de-food\/defense-de-fumer\/","name":"DEFENSE DE FUMER","isPartOf":{"@id":"https:\/\/lacommune.co\/saint-etienne\/#website"},"datePublished":"2026-02-19T11:59:51+00:00","description":"D\u00e9fense de Fumer, restaurant de viandes en cuisson lente : pi\u00e8ces fondantes, saveurs fum\u00e9es et ambiance brute pour les amateurs de barbecue et de brais\u00e9.","breadcrumb":{"@id":"https:\/\/lacommune.co\/saint-etienne\/fou-de-food\/defense-de-fumer\/#breadcrumb"},"inLanguage":"fr-FR","potentialAction":[{"@type":"ReadAction","target":["https:\/\/lacommune.co\/saint-etienne\/fou-de-food\/defense-de-fumer\/"]}]},{"@type":"BreadcrumbList","@id":"https:\/\/lacommune.co\/saint-etienne\/fou-de-food\/defense-de-fumer\/#breadcrumb","itemListElement":[{"@type":"ListItem","position":1,"name":"Accueil","item":"https:\/\/lacommune.co\/saint-etienne\/"},{"@type":"ListItem","position":2,"name":"Food Court \u00e0 Saint-Etienne : La Commune votre incubateur culinaire","item":"https:\/\/lacommune.co\/saint-etienne\/fou-de-food\/"},{"@type":"ListItem","position":3,"name":"D\u00e9fense de fumer"}]},{"@type":"WebSite","@id":"https:\/\/lacommune.co\/saint-etienne\/#website","url":"https:\/\/lacommune.co\/saint-etienne\/","name":"LA COMMUNE","description":"LYON","publisher":{"@id":"https:\/\/lacommune.co\/saint-etienne\/#organization"},"potentialAction":[{"@type":"SearchAction","target":{"@type":"EntryPoint","urlTemplate":"https:\/\/lacommune.co\/saint-etienne\/?s={search_term_string}"},"query-input":{"@type":"PropertyValueSpecification","valueRequired":true,"valueName":"search_term_string"}}],"inLanguage":"fr-FR"},{"@type":"Organization","@id":"https:\/\/lacommune.co\/saint-etienne\/#organization","name":"LA COMMUNE","url":"https:\/\/lacommune.co\/saint-etienne\/","logo":{"@type":"ImageObject","inLanguage":"fr-FR","@id":"https:\/\/lacommune.co\/saint-etienne\/#\/schema\/logo\/image\/","url":"https:\/\/lacommune.co\/saint-etienne\/wp-content\/uploads\/2021\/06\/lacommunelogo-1.svg","contentUrl":"https:\/\/lacommune.co\/saint-etienne\/wp-content\/uploads\/2021\/06\/lacommunelogo-1.svg","width":"1","height":"1","caption":"LA COMMUNE"},"image":{"@id":"https:\/\/lacommune.co\/saint-etienne\/#\/schema\/logo\/image\/"},"sameAs":["https:\/\/www.facebook.com\/lacommuneentrezlibres\/","https:\/\/www.instagram.com\/lacommuneentrezlibres\/","https:\/\/www.linkedin.com\/company\/lacommune-entrezlibres\/"]}]}},"_links":{"self":[{"href":"https:\/\/lacommune.co\/saint-etienne\/wp-json\/wp\/v2\/pages\/39752","targetHints":{"allow":["GET"]}}],"collection":[{"href":"https:\/\/lacommune.co\/saint-etienne\/wp-json\/wp\/v2\/pages"}],"about":[{"href":"https:\/\/lacommune.co\/saint-etienne\/wp-json\/wp\/v2\/types\/page"}],"author":[{"embeddable":true,"href":"https:\/\/lacommune.co\/saint-etienne\/wp-json\/wp\/v2\/users\/2"}],"replies":[{"embeddable":true,"href":"https:\/\/lacommune.co\/saint-etienne\/wp-json\/wp\/v2\/comments?post=39752"}],"version-history":[{"count":1,"href":"https:\/\/lacommune.co\/saint-etienne\/wp-json\/wp\/v2\/pages\/39752\/revisions"}],"predecessor-version":[{"id":39764,"href":"https:\/\/lacommune.co\/saint-etienne\/wp-json\/wp\/v2\/pages\/39752\/revisions\/39764"}],"up":[{"embeddable":true,"href":"https:\/\/lacommune.co\/saint-etienne\/wp-json\/wp\/v2\/pages\/34781"}],"wp:attachment":[{"href":"https:\/\/lacommune.co\/saint-etienne\/wp-json\/wp\/v2\/media?parent=39752"}],"curies":[{"name":"wp","href":"https:\/\/api.w.org\/{rel}","templated":true}]}}