{"id":39780,"date":"2026-02-19T14:26:48","date_gmt":"2026-02-19T13:26:48","guid":{"rendered":"https:\/\/lacommune.co\/saint-etienne\/?page_id=39780"},"modified":"2026-02-19T14:26:48","modified_gmt":"2026-02-19T13:26:48","slug":"lakaz-kreyol","status":"publish","type":"page","link":"https:\/\/lacommune.co\/saint-etienne\/fou-de-food\/lakaz-kreyol\/","title":{"rendered":"LAKAZ KREYOL"},"content":{"rendered":"<div class=\"wpb-content-wrapper\"><p>[vc_row unlock_row_content=&#8221;yes&#8221; row_height_percent=&#8221;80&#8243; override_padding=&#8221;yes&#8221; h_padding=&#8221;0&#8243; top_padding=&#8221;0&#8243; bottom_padding=&#8221;2&#8243; back_image=&#8221;39781&#8243; overlay_color=&#8221;color-jevc&#8221; overlay_alpha=&#8221;18&#8243; gutter_size=&#8221;3&#8243; column_width_percent=&#8221;100&#8243; shift_y=&#8221;0&#8243; z_index=&#8221;0&#8243; content_parallax=&#8221;0&#8243; uncode_shortcode_id=&#8221;197573&#8243; overlay_color_type=&#8221;uncode-palette&#8221;][vc_column column_width_percent=&#8221;100&#8243; position_vertical=&#8221;bottom&#8221; align_horizontal=&#8221;align_center&#8221; gutter_size=&#8221;3&#8243; style=&#8221;dark&#8221; overlay_alpha=&#8221;50&#8243; shift_x=&#8221;0&#8243; shift_y=&#8221;0&#8243; shift_y_down=&#8221;0&#8243; z_index=&#8221;0&#8243; medium_width=&#8221;0&#8243; mobile_width=&#8221;0&#8243; width=&#8221;1\/1&#8243; uncode_shortcode_id=&#8221;180666&#8243; mobile_height=&#8221;600&#8243;][vc_custom_heading auto_text=&#8221;yes&#8221; heading_semantic=&#8221;h1&#8243; text_font=&#8221;font-956804&#8243; text_size=&#8221;h1&#8243; uncode_shortcode_id=&#8221;100488&#8243;]This is a custom heading element.[\/vc_custom_heading][\/vc_column][\/vc_row][vc_row row_height_percent=&#8221;0&#8243; override_padding=&#8221;yes&#8221; h_padding=&#8221;2&#8243; top_padding=&#8221;4&#8243; bottom_padding=&#8221;4&#8243; overlay_alpha=&#8221;50&#8243; gutter_size=&#8221;3&#8243; column_width_percent=&#8221;100&#8243; shift_y=&#8221;0&#8243; z_index=&#8221;0&#8243; uncode_shortcode_id=&#8221;103024&#8243;][vc_column column_width_percent=&#8221;53&#8243; position_vertical=&#8221;middle&#8221; align_horizontal=&#8221;align_center&#8221; gutter_size=&#8221;3&#8243; overlay_alpha=&#8221;50&#8243; shift_x=&#8221;0&#8243; shift_y=&#8221;0&#8243; shift_y_down=&#8221;0&#8243; z_index=&#8221;0&#8243; medium_width=&#8221;0&#8243; mobile_width=&#8221;0&#8243; width=&#8221;1\/1&#8243; uncode_shortcode_id=&#8221;840141&#8243;][vc_custom_heading text_font=&#8221;font-956804&#8243; uncode_shortcode_id=&#8221;441190&#8243;]ici le soleil se mange[\/vc_custom_heading][vc_column_text uncode_shortcode_id=&#8221;794449&#8243;]Voici Ma\u00ebl, un jeune chef passionn\u00e9 par la cuisine antillaise et ses recettes traditionnelles. Ancien aide-soignant, il choisit un jour de suivre son instinct et d\u2019op\u00e9rer une reconversion dans la restauration. Apr\u00e8s avoir fait ses armes dans plusieurs \u00e9tablissements, Ma\u00ebl saisit l\u2019opportunit\u00e9 offerte par La Commune pour donner vie \u00e0 son propre concept de cuisine cr\u00e9ole.<\/p>\n<p>Avec Lakaz Kreyol, il invite le soleil \u00e0 table : une cuisine cr\u00e9ole g\u00e9n\u00e9reuse, gourmande et enti\u00e8rement faite maison, \u00e9labor\u00e9e \u00e0 partir de produits frais. Des plats authentiques, aux saveurs des Antilles, pens\u00e9s pour faire voyager les papilles sans quitter Saint-\u00c9tienne.[\/vc_column_text][vc_empty_space empty_h=&#8221;1&#8243;][vc_button border_width=&#8221;0&#8243; display=&#8221;inline&#8221; inline_mobile=&#8221;yes&#8221; top_margin=&#8221;yes&#8221; uncode_shortcode_id=&#8221;180986&#8243; link=&#8221;url:https%3A%2F%2Flacommune.co%2Fsaint-etienne%2Fmenu-restaurant%2Frestaurant-lakaz-kreyol%2F&#8221;]MENU[\/vc_button][\/vc_column][\/vc_row][vc_row unlock_row_content=&#8221;yes&#8221; row_height_percent=&#8221;0&#8243; overlay_alpha=&#8221;50&#8243; gutter_size=&#8221;3&#8243; column_width_percent=&#8221;100&#8243; shift_y=&#8221;0&#8243; z_index=&#8221;0&#8243; uncode_shortcode_id=&#8221;817641&#8243;][vc_column width=&#8221;1\/1&#8243;][vc_gallery el_id=&#8221;gallery-107530&#8243; type=&#8221;carousel&#8221; medias=&#8221;39782&#8243; carousel_lg=&#8221;4&#8243; carousel_md=&#8221;3&#8243; carousel_sm=&#8221;2&#8243; thumb_size=&#8221;one-one&#8221; gutter_size=&#8221;2&#8243; media_items=&#8221;media|lightbox|original&#8221; carousel_interval=&#8221;3000&#8243; carousel_navspeed=&#8221;400&#8243; carousel_dots=&#8221;yes&#8221; carousel_dots_mobile=&#8221;yes&#8221; stage_padding=&#8221;0&#8243; single_overlay_opacity=&#8221;1&#8243; single_padding=&#8221;2&#8243; single_border=&#8221;yes&#8221; uncode_shortcode_id=&#8221;159284&#8243;][\/vc_column][\/vc_row]<\/p>\n<\/div>","protected":false},"excerpt":{"rendered":"<p>[vc_row unlock_row_content=&#8221;yes&#8221; row_height_percent=&#8221;80&#8243; override_padding=&#8221;yes&#8221; h_padding=&#8221;0&#8243; top_padding=&#8221;0&#8243; bottom_padding=&#8221;2&#8243; back_image=&#8221;39781&#8243; overlay_color=&#8221;color-jevc&#8221; overlay_alpha=&#8221;18&#8243; gutter_size=&#8221;3&#8243; column_width_percent=&#8221;100&#8243; shift_y=&#8221;0&#8243; z_index=&#8221;0&#8243; content_parallax=&#8221;0&#8243; uncode_shortcode_id=&#8221;197573&#8243; overlay_color_type=&#8221;uncode-palette&#8221;][vc_column column_width_percent=&#8221;100&#8243; position_vertical=&#8221;bottom&#8221; align_horizontal=&#8221;align_center&#8221; [&hellip;]<\/p>\n","protected":false},"author":2,"featured_media":0,"parent":34781,"menu_order":0,"comment_status":"closed","ping_status":"closed","template":"","meta":{"_acf_changed":false,"_monsterinsights_skip_tracking":false,"_monsterinsights_sitenote_active":false,"_monsterinsights_sitenote_note":"","_monsterinsights_sitenote_category":0,"footnotes":""},"class_list":["post-39780","page","type-page","status-publish","hentry"],"acf":[],"yoast_head":"<!-- This site is optimized with the Yoast SEO plugin v27.3 - https:\/\/yoast.com\/product\/yoast-seo-wordpress\/ -->\n<title>LAKAZ KREYOL<\/title>\n<meta name=\"description\" content=\"Lakaz Kreyol \u00e0 Saint-\u00c9tienne : restaurant cr\u00e9ole aux saveurs des \u00eeles, plats \u00e9pic\u00e9s, recettes traditionnelles et ambiance chaleureuse pour un vrai voyage gustatif.\" \/>\n<meta name=\"robots\" content=\"index, follow, max-snippet:-1, max-image-preview:large, max-video-preview:-1\" \/>\n<link rel=\"canonical\" href=\"https:\/\/lacommune.co\/saint-etienne\/fou-de-food\/lakaz-kreyol\/\" \/>\n<meta property=\"og:locale\" content=\"fr_FR\" \/>\n<meta property=\"og:type\" content=\"article\" \/>\n<meta property=\"og:title\" content=\"LAKAZ KREYOL\" \/>\n<meta property=\"og:description\" content=\"Lakaz Kreyol \u00e0 Saint-\u00c9tienne : restaurant cr\u00e9ole aux saveurs des \u00eeles, plats \u00e9pic\u00e9s, recettes traditionnelles et ambiance chaleureuse pour un vrai voyage gustatif.\" \/>\n<meta property=\"og:url\" content=\"https:\/\/lacommune.co\/saint-etienne\/fou-de-food\/lakaz-kreyol\/\" \/>\n<meta property=\"og:site_name\" content=\"LA COMMUNE\" \/>\n<meta property=\"article:publisher\" content=\"https:\/\/www.facebook.com\/lacommuneentrezlibres\/\" \/>\n<meta property=\"og:image\" content=\"https:\/\/lacommune.co\/saint-etienne\/wp-content\/uploads\/2021\/12\/screenshot-2021-12-14-a\u0300-00.23.53-scaled.png\" \/>\n\t<meta property=\"og:image:width\" content=\"2560\" \/>\n\t<meta property=\"og:image:height\" content=\"1389\" \/>\n\t<meta property=\"og:image:type\" content=\"image\/png\" \/>\n<meta name=\"twitter:card\" content=\"summary_large_image\" \/>\n<meta name=\"twitter:label1\" content=\"Dur\u00e9e de lecture estim\u00e9e\" \/>\n\t<meta name=\"twitter:data1\" content=\"2 minutes\" \/>\n<!-- \/ Yoast SEO plugin. -->","yoast_head_json":{"title":"LAKAZ KREYOL","description":"Lakaz Kreyol \u00e0 Saint-\u00c9tienne : restaurant cr\u00e9ole aux saveurs des \u00eeles, plats \u00e9pic\u00e9s, recettes traditionnelles et ambiance chaleureuse pour un vrai voyage gustatif.","robots":{"index":"index","follow":"follow","max-snippet":"max-snippet:-1","max-image-preview":"max-image-preview:large","max-video-preview":"max-video-preview:-1"},"canonical":"https:\/\/lacommune.co\/saint-etienne\/fou-de-food\/lakaz-kreyol\/","og_locale":"fr_FR","og_type":"article","og_title":"LAKAZ KREYOL","og_description":"Lakaz Kreyol \u00e0 Saint-\u00c9tienne : restaurant cr\u00e9ole aux saveurs des \u00eeles, plats \u00e9pic\u00e9s, recettes traditionnelles et ambiance chaleureuse pour un vrai voyage gustatif.","og_url":"https:\/\/lacommune.co\/saint-etienne\/fou-de-food\/lakaz-kreyol\/","og_site_name":"LA COMMUNE","article_publisher":"https:\/\/www.facebook.com\/lacommuneentrezlibres\/","og_image":[{"width":2560,"height":1389,"url":"https:\/\/lacommune.co\/saint-etienne\/wp-content\/uploads\/2021\/12\/screenshot-2021-12-14-a\u0300-00.23.53-scaled.png","type":"image\/png"}],"twitter_card":"summary_large_image","twitter_misc":{"Dur\u00e9e de lecture estim\u00e9e":"2 minutes"},"schema":{"@context":"https:\/\/schema.org","@graph":[{"@type":"WebPage","@id":"https:\/\/lacommune.co\/saint-etienne\/fou-de-food\/lakaz-kreyol\/","url":"https:\/\/lacommune.co\/saint-etienne\/fou-de-food\/lakaz-kreyol\/","name":"LAKAZ KREYOL","isPartOf":{"@id":"https:\/\/lacommune.co\/saint-etienne\/#website"},"datePublished":"2026-02-19T13:26:48+00:00","description":"Lakaz Kreyol \u00e0 Saint-\u00c9tienne : restaurant cr\u00e9ole aux saveurs des \u00eeles, plats \u00e9pic\u00e9s, recettes traditionnelles et ambiance chaleureuse pour un vrai voyage gustatif.","breadcrumb":{"@id":"https:\/\/lacommune.co\/saint-etienne\/fou-de-food\/lakaz-kreyol\/#breadcrumb"},"inLanguage":"fr-FR","potentialAction":[{"@type":"ReadAction","target":["https:\/\/lacommune.co\/saint-etienne\/fou-de-food\/lakaz-kreyol\/"]}]},{"@type":"BreadcrumbList","@id":"https:\/\/lacommune.co\/saint-etienne\/fou-de-food\/lakaz-kreyol\/#breadcrumb","itemListElement":[{"@type":"ListItem","position":1,"name":"Accueil","item":"https:\/\/lacommune.co\/saint-etienne\/"},{"@type":"ListItem","position":2,"name":"Food Court \u00e0 Saint-Etienne : La Commune votre incubateur culinaire","item":"https:\/\/lacommune.co\/saint-etienne\/fou-de-food\/"},{"@type":"ListItem","position":3,"name":"LAKAZ KREYOL"}]},{"@type":"WebSite","@id":"https:\/\/lacommune.co\/saint-etienne\/#website","url":"https:\/\/lacommune.co\/saint-etienne\/","name":"LA COMMUNE","description":"LYON","publisher":{"@id":"https:\/\/lacommune.co\/saint-etienne\/#organization"},"potentialAction":[{"@type":"SearchAction","target":{"@type":"EntryPoint","urlTemplate":"https:\/\/lacommune.co\/saint-etienne\/?s={search_term_string}"},"query-input":{"@type":"PropertyValueSpecification","valueRequired":true,"valueName":"search_term_string"}}],"inLanguage":"fr-FR"},{"@type":"Organization","@id":"https:\/\/lacommune.co\/saint-etienne\/#organization","name":"LA COMMUNE","url":"https:\/\/lacommune.co\/saint-etienne\/","logo":{"@type":"ImageObject","inLanguage":"fr-FR","@id":"https:\/\/lacommune.co\/saint-etienne\/#\/schema\/logo\/image\/","url":"https:\/\/lacommune.co\/saint-etienne\/wp-content\/uploads\/2021\/06\/lacommunelogo-1.svg","contentUrl":"https:\/\/lacommune.co\/saint-etienne\/wp-content\/uploads\/2021\/06\/lacommunelogo-1.svg","width":"1","height":"1","caption":"LA COMMUNE"},"image":{"@id":"https:\/\/lacommune.co\/saint-etienne\/#\/schema\/logo\/image\/"},"sameAs":["https:\/\/www.facebook.com\/lacommuneentrezlibres\/","https:\/\/www.instagram.com\/lacommuneentrezlibres\/","https:\/\/www.linkedin.com\/company\/lacommune-entrezlibres\/"]}]}},"_links":{"self":[{"href":"https:\/\/lacommune.co\/saint-etienne\/wp-json\/wp\/v2\/pages\/39780","targetHints":{"allow":["GET"]}}],"collection":[{"href":"https:\/\/lacommune.co\/saint-etienne\/wp-json\/wp\/v2\/pages"}],"about":[{"href":"https:\/\/lacommune.co\/saint-etienne\/wp-json\/wp\/v2\/types\/page"}],"author":[{"embeddable":true,"href":"https:\/\/lacommune.co\/saint-etienne\/wp-json\/wp\/v2\/users\/2"}],"replies":[{"embeddable":true,"href":"https:\/\/lacommune.co\/saint-etienne\/wp-json\/wp\/v2\/comments?post=39780"}],"version-history":[{"count":1,"href":"https:\/\/lacommune.co\/saint-etienne\/wp-json\/wp\/v2\/pages\/39780\/revisions"}],"predecessor-version":[{"id":39783,"href":"https:\/\/lacommune.co\/saint-etienne\/wp-json\/wp\/v2\/pages\/39780\/revisions\/39783"}],"up":[{"embeddable":true,"href":"https:\/\/lacommune.co\/saint-etienne\/wp-json\/wp\/v2\/pages\/34781"}],"wp:attachment":[{"href":"https:\/\/lacommune.co\/saint-etienne\/wp-json\/wp\/v2\/media?parent=39780"}],"curies":[{"name":"wp","href":"https:\/\/api.w.org\/{rel}","templated":true}]}}